{"id":22948,"date":"2021-12-07T11:26:47","date_gmt":"2021-12-07T10:31:37","guid":{"rendered":"https:\/\/mocosociety.com\/p\/daily-detox-boost\/"},"modified":"2022-01-05T11:52:49","modified_gmt":"2022-01-05T10:52:49","slug":"daily-detox-boost-2","status":"publish","type":"product","link":"https:\/\/mocosociety.com\/fr\/p\/daily-detox-boost-2\/","title":{"rendered":"Daily Detox &amp; Boost"},"content":{"rendered":"<p>Cette routine quotidienne du matin est con\u00e7ue pour vous apporter des jus et des shots riches en vitamines pour revitaliser votre peau, stimuler votre immunit\u00e9 et favoriser la sant\u00e9 de vos intestins et de votre foie.<\/p>\n<p>A prendre le matin \u00e0 jeun.<\/p>\n","protected":false},"excerpt":{"rendered":"<p>Une routine matinale con\u00e7ue pour vous apporter des jus et des shots riches en vitamines pour un boost quotidien.<\/p>\n","protected":false},"featured_media":22947,"template":"","meta":{"_acf_changed":false,"_et_pb_use_builder":"","_et_pb_old_content":"","_et_gb_content_width":""},"product_brand":[],"product_cat":[77,63],"product_tag":[113,69,68,82,65],"class_list":{"0":"post-22948","1":"product","2":"type-product","3":"status-publish","4":"has-post-thumbnail","6":"product_cat-cures-de-jus","7":"product_cat-bestsellers-fr","8":"product_tag-celeri","9":"product_tag-citron","10":"product_tag-gingembre","11":"product_tag-piment-de-cayenne","12":"product_tag-pomme","13":"product_shipping_class-livraison-frais","15":"first","16":"outofstock","17":"taxable","18":"shipping-taxable","19":"purchasable","20":"product-type-simple"},"acf":[],"yoast_head":"<!-- This site is optimized with the Yoast SEO plugin v25.5 - https:\/\/yoast.com\/wordpress\/plugins\/seo\/ -->\n<title>Daily Detox &amp; Boost &#8902; MOCO<\/title>\n<meta name=\"robots\" content=\"index, follow, max-snippet:-1, max-image-preview:large, max-video-preview:-1\" \/>\n<link rel=\"canonical\" href=\"https:\/\/mocosociety.com\/fr\/p\/daily-detox-boost-2\/\" \/>\n<meta property=\"og:locale\" content=\"fr_FR\" \/>\n<meta property=\"og:type\" content=\"article\" \/>\n<meta property=\"og:title\" content=\"Daily Detox &amp; Boost &#8902; MOCO\" \/>\n<meta property=\"og:description\" content=\"Une routine matinale con\u00e7ue pour vous apporter des jus et des shots riches en vitamines pour un boost quotidien.\" \/>\n<meta property=\"og:site_name\" content=\"MOCO\" \/>\n<meta property=\"article:modified_time\" content=\"2022-01-05T10:52:49+00:00\" \/>\n<meta property=\"og:image\" content=\"https:\/\/mocosociety.com\/wp-content\/uploads\/2021\/12\/daily_routine_square.png\" \/>\n\t<meta property=\"og:image:width\" content=\"1277\" \/>\n\t<meta property=\"og:image:height\" content=\"1277\" \/>\n\t<meta property=\"og:image:type\" content=\"image\/png\" \/>\n<meta name=\"twitter:card\" content=\"summary_large_image\" \/>\n<script type=\"application\/ld+json\" class=\"yoast-schema-graph\">{\"@context\":\"https:\/\/schema.org\",\"@graph\":[{\"@type\":[\"WebPage\",\"ItemPage\"],\"@id\":\"https:\/\/mocosociety.com\/fr\/p\/daily-detox-boost-2\/\",\"url\":\"https:\/\/mocosociety.com\/fr\/p\/daily-detox-boost-2\/\",\"name\":\"Daily Detox &amp; Boost &#8902; MOCO\",\"isPartOf\":{\"@id\":\"https:\/\/mocosociety.com\/fr\/#website\"},\"primaryImageOfPage\":{\"@id\":\"https:\/\/mocosociety.com\/fr\/p\/daily-detox-boost-2\/#primaryimage\"},\"image\":{\"@id\":\"https:\/\/mocosociety.com\/fr\/p\/daily-detox-boost-2\/#primaryimage\"},\"thumbnailUrl\":\"https:\/\/mocosociety.com\/wp-content\/uploads\/2021\/12\/daily_routine_square.png\",\"datePublished\":\"2021-12-07T10:31:37+00:00\",\"dateModified\":\"2022-01-05T10:52:49+00:00\",\"breadcrumb\":{\"@id\":\"https:\/\/mocosociety.com\/fr\/p\/daily-detox-boost-2\/#breadcrumb\"},\"inLanguage\":\"fr-FR\",\"potentialAction\":[{\"@type\":\"ReadAction\",\"target\":[\"https:\/\/mocosociety.com\/fr\/p\/daily-detox-boost-2\/\"]}]},{\"@type\":\"ImageObject\",\"inLanguage\":\"fr-FR\",\"@id\":\"https:\/\/mocosociety.com\/fr\/p\/daily-detox-boost-2\/#primaryimage\",\"url\":\"https:\/\/mocosociety.com\/wp-content\/uploads\/2021\/12\/daily_routine_square.png\",\"contentUrl\":\"https:\/\/mocosociety.com\/wp-content\/uploads\/2021\/12\/daily_routine_square.png\",\"width\":1277,\"height\":1277,\"caption\":\"Routine matinale detox\"},{\"@type\":\"BreadcrumbList\",\"@id\":\"https:\/\/mocosociety.com\/fr\/p\/daily-detox-boost-2\/#breadcrumb\",\"itemListElement\":[{\"@type\":\"ListItem\",\"position\":1,\"name\":\"Home\",\"item\":\"https:\/\/mocosociety.com\/fr\/\"},{\"@type\":\"ListItem\",\"position\":2,\"name\":\"Products\",\"item\":\"https:\/\/mocosociety.com\/products\/\"},{\"@type\":\"ListItem\",\"position\":3,\"name\":\"Cures de jus\",\"item\":\"https:\/\/mocosociety.com\/fr\/cat-produit\/cures-de-jus\/\"},{\"@type\":\"ListItem\",\"position\":4,\"name\":\"Daily Detox &amp; Boost\"}]},{\"@type\":\"WebSite\",\"@id\":\"https:\/\/mocosociety.com\/fr\/#website\",\"url\":\"https:\/\/mocosociety.com\/fr\/\",\"name\":\"MOCO\",\"description\":\"Jus Bio Press\u00e9s \u00e0 froid\",\"publisher\":{\"@id\":\"https:\/\/mocosociety.com\/fr\/#organization\"},\"potentialAction\":[{\"@type\":\"SearchAction\",\"target\":{\"@type\":\"EntryPoint\",\"urlTemplate\":\"https:\/\/mocosociety.com\/fr\/?s={search_term_string}\"},\"query-input\":{\"@type\":\"PropertyValueSpecification\",\"valueRequired\":true,\"valueName\":\"search_term_string\"}}],\"inLanguage\":\"fr-FR\"},{\"@type\":\"Organization\",\"@id\":\"https:\/\/mocosociety.com\/fr\/#organization\",\"name\":\"MOCO\",\"url\":\"https:\/\/mocosociety.com\/fr\/\",\"logo\":{\"@type\":\"ImageObject\",\"inLanguage\":\"fr-FR\",\"@id\":\"https:\/\/mocosociety.com\/fr\/#\/schema\/logo\/image\/\",\"url\":\"https:\/\/mocosociety.com\/wp-content\/uploads\/2021\/06\/logo-moco.png\",\"contentUrl\":\"https:\/\/mocosociety.com\/wp-content\/uploads\/2021\/06\/logo-moco.png\",\"width\":306,\"height\":70,\"caption\":\"MOCO\"},\"image\":{\"@id\":\"https:\/\/mocosociety.com\/fr\/#\/schema\/logo\/image\/\"}}]}<\/script>\n<!-- \/ Yoast SEO plugin. -->","yoast_head_json":{"title":"Daily Detox &amp; Boost &#8902; MOCO","robots":{"index":"index","follow":"follow","max-snippet":"max-snippet:-1","max-image-preview":"max-image-preview:large","max-video-preview":"max-video-preview:-1"},"canonical":"https:\/\/mocosociety.com\/fr\/p\/daily-detox-boost-2\/","og_locale":"fr_FR","og_type":"article","og_title":"Daily Detox &amp; Boost &#8902; MOCO","og_description":"Une routine matinale con\u00e7ue pour vous apporter des jus et des shots riches en vitamines pour un boost quotidien.","og_site_name":"MOCO","article_modified_time":"2022-01-05T10:52:49+00:00","og_image":[{"width":1277,"height":1277,"url":"https:\/\/mocosociety.com\/wp-content\/uploads\/2021\/12\/daily_routine_square.png","type":"image\/png"}],"twitter_card":"summary_large_image","schema":{"@context":"https:\/\/schema.org","@graph":[{"@type":["WebPage","ItemPage"],"@id":"https:\/\/mocosociety.com\/fr\/p\/daily-detox-boost-2\/","url":"https:\/\/mocosociety.com\/fr\/p\/daily-detox-boost-2\/","name":"Daily Detox &amp; Boost &#8902; MOCO","isPartOf":{"@id":"https:\/\/mocosociety.com\/fr\/#website"},"primaryImageOfPage":{"@id":"https:\/\/mocosociety.com\/fr\/p\/daily-detox-boost-2\/#primaryimage"},"image":{"@id":"https:\/\/mocosociety.com\/fr\/p\/daily-detox-boost-2\/#primaryimage"},"thumbnailUrl":"https:\/\/mocosociety.com\/wp-content\/uploads\/2021\/12\/daily_routine_square.png","datePublished":"2021-12-07T10:31:37+00:00","dateModified":"2022-01-05T10:52:49+00:00","breadcrumb":{"@id":"https:\/\/mocosociety.com\/fr\/p\/daily-detox-boost-2\/#breadcrumb"},"inLanguage":"fr-FR","potentialAction":[{"@type":"ReadAction","target":["https:\/\/mocosociety.com\/fr\/p\/daily-detox-boost-2\/"]}]},{"@type":"ImageObject","inLanguage":"fr-FR","@id":"https:\/\/mocosociety.com\/fr\/p\/daily-detox-boost-2\/#primaryimage","url":"https:\/\/mocosociety.com\/wp-content\/uploads\/2021\/12\/daily_routine_square.png","contentUrl":"https:\/\/mocosociety.com\/wp-content\/uploads\/2021\/12\/daily_routine_square.png","width":1277,"height":1277,"caption":"Routine matinale detox"},{"@type":"BreadcrumbList","@id":"https:\/\/mocosociety.com\/fr\/p\/daily-detox-boost-2\/#breadcrumb","itemListElement":[{"@type":"ListItem","position":1,"name":"Home","item":"https:\/\/mocosociety.com\/fr\/"},{"@type":"ListItem","position":2,"name":"Products","item":"https:\/\/mocosociety.com\/products\/"},{"@type":"ListItem","position":3,"name":"Cures de jus","item":"https:\/\/mocosociety.com\/fr\/cat-produit\/cures-de-jus\/"},{"@type":"ListItem","position":4,"name":"Daily Detox &amp; Boost"}]},{"@type":"WebSite","@id":"https:\/\/mocosociety.com\/fr\/#website","url":"https:\/\/mocosociety.com\/fr\/","name":"MOCO","description":"Jus Bio Press\u00e9s \u00e0 froid","publisher":{"@id":"https:\/\/mocosociety.com\/fr\/#organization"},"potentialAction":[{"@type":"SearchAction","target":{"@type":"EntryPoint","urlTemplate":"https:\/\/mocosociety.com\/fr\/?s={search_term_string}"},"query-input":{"@type":"PropertyValueSpecification","valueRequired":true,"valueName":"search_term_string"}}],"inLanguage":"fr-FR"},{"@type":"Organization","@id":"https:\/\/mocosociety.com\/fr\/#organization","name":"MOCO","url":"https:\/\/mocosociety.com\/fr\/","logo":{"@type":"ImageObject","inLanguage":"fr-FR","@id":"https:\/\/mocosociety.com\/fr\/#\/schema\/logo\/image\/","url":"https:\/\/mocosociety.com\/wp-content\/uploads\/2021\/06\/logo-moco.png","contentUrl":"https:\/\/mocosociety.com\/wp-content\/uploads\/2021\/06\/logo-moco.png","width":306,"height":70,"caption":"MOCO"},"image":{"@id":"https:\/\/mocosociety.com\/fr\/#\/schema\/logo\/image\/"}}]}},"_links":{"self":[{"href":"https:\/\/mocosociety.com\/fr\/wp-json\/wp\/v2\/product\/22948","targetHints":{"allow":["GET"]}}],"collection":[{"href":"https:\/\/mocosociety.com\/fr\/wp-json\/wp\/v2\/product"}],"about":[{"href":"https:\/\/mocosociety.com\/fr\/wp-json\/wp\/v2\/types\/product"}],"wp:featuredmedia":[{"embeddable":true,"href":"https:\/\/mocosociety.com\/fr\/wp-json\/wp\/v2\/media\/22947"}],"wp:attachment":[{"href":"https:\/\/mocosociety.com\/fr\/wp-json\/wp\/v2\/media?parent=22948"}],"wp:term":[{"taxonomy":"product_brand","embeddable":true,"href":"https:\/\/mocosociety.com\/fr\/wp-json\/wp\/v2\/product_brand?post=22948"},{"taxonomy":"product_cat","embeddable":true,"href":"https:\/\/mocosociety.com\/fr\/wp-json\/wp\/v2\/product_cat?post=22948"},{"taxonomy":"product_tag","embeddable":true,"href":"https:\/\/mocosociety.com\/fr\/wp-json\/wp\/v2\/product_tag?post=22948"}],"curies":[{"name":"wp","href":"https:\/\/api.w.org\/{rel}","templated":true}]}}