{"id":22090,"date":"2021-07-30T16:15:11","date_gmt":"2021-11-03T22:10:20","guid":{"rendered":"https:\/\/mocosociety.com\/product\/strawb\/"},"modified":"2021-11-19T17:02:41","modified_gmt":"2021-11-19T16:02:41","slug":"strawb","status":"publish","type":"product","link":"https:\/\/mocosociety.com\/fr\/p\/strawb\/","title":{"rendered":"Strawb&#8217;"},"content":{"rendered":"<ul>\n<li>Riche en flavono\u00efdes et en folates<\/li>\n<li>Stimule l\u2019immunit\u00e9 et la formation de collag\u00e8ne<\/li>\n<li>Fortifie le syst\u00e8me cardio vasculaire<\/li>\n<li>Favorise la sant\u00e9 pr\u00e9natale<\/li>\n<li>B\u00e9n\u00e9fique pour la digestion et l\u2019effet Anti-\u00e2ge<\/li>\n<li>Puissant d\u00e9toxifiant, antioxydant et anti-inflammatoire<\/li>\n<\/ul>\n","protected":false},"excerpt":{"rendered":"<p>Renforce votre syst\u00e8me immunitaire et augmente la production de collag\u00e8ne.<\/p>\n","protected":false},"featured_media":17127,"template":"","meta":{"_acf_changed":false,"_et_pb_use_builder":"","_et_pb_old_content":"","_et_gb_content_width":""},"product_brand":[],"product_cat":[64],"product_tag":[86,69,117,65],"class_list":{"0":"post-22090","1":"product","2":"type-product","3":"status-publish","4":"has-post-thumbnail","6":"product_cat-jus","7":"product_tag-basilic","8":"product_tag-citron","9":"product_tag-fraise","10":"product_tag-pomme","11":"product_shipping_class-livraison-frais","13":"first","14":"instock","15":"taxable","16":"shipping-taxable","17":"product-type-variable","18":"has-default-attributes"},"acf":[],"yoast_head":"<!-- This site is optimized with the Yoast SEO plugin v25.5 - https:\/\/yoast.com\/wordpress\/plugins\/seo\/ -->\n<title>Strawb&#039; &#8902; MOCO<\/title>\n<meta name=\"description\" content=\"Renforce votre syst\u00e8me immunitaire et augmente la production de collag\u00e8ne. Les flavono\u00efdes de la fraise renforcent le c\u0153ur et les folates favorisent une grossesse saine.\" \/>\n<meta name=\"robots\" content=\"index, follow, max-snippet:-1, max-image-preview:large, max-video-preview:-1\" \/>\n<link rel=\"canonical\" href=\"https:\/\/mocosociety.com\/fr\/p\/strawb\/\" \/>\n<meta property=\"og:locale\" content=\"fr_FR\" \/>\n<meta property=\"og:type\" content=\"article\" \/>\n<meta property=\"og:title\" content=\"Strawb&#039; &#8902; MOCO\" \/>\n<meta property=\"og:description\" content=\"Renforce votre syst\u00e8me immunitaire et augmente la production de collag\u00e8ne. Les flavono\u00efdes de la fraise renforcent le c\u0153ur et les folates favorisent une grossesse saine.\" \/>\n<meta property=\"og:site_name\" content=\"MOCO\" \/>\n<meta property=\"article:modified_time\" content=\"2021-11-19T16:02:41+00:00\" \/>\n<meta property=\"og:image\" content=\"https:\/\/mocosociety.com\/wp-content\/uploads\/2021\/07\/Strawb-min.png\" \/>\n\t<meta property=\"og:image:width\" content=\"1100\" \/>\n\t<meta property=\"og:image:height\" content=\"1100\" \/>\n\t<meta property=\"og:image:type\" content=\"image\/png\" \/>\n<meta name=\"twitter:card\" content=\"summary_large_image\" \/>\n<meta name=\"twitter:label1\" content=\"Dur\u00e9e de lecture estim\u00e9e\" \/>\n\t<meta name=\"twitter:data1\" content=\"1 minute\" \/>\n<script type=\"application\/ld+json\" class=\"yoast-schema-graph\">{\"@context\":\"https:\/\/schema.org\",\"@graph\":[{\"@type\":[\"WebPage\",\"ItemPage\"],\"@id\":\"https:\/\/mocosociety.com\/fr\/p\/strawb\/\",\"url\":\"https:\/\/mocosociety.com\/fr\/p\/strawb\/\",\"name\":\"Strawb' &#8902; MOCO\",\"isPartOf\":{\"@id\":\"https:\/\/mocosociety.com\/fr\/#website\"},\"primaryImageOfPage\":{\"@id\":\"https:\/\/mocosociety.com\/fr\/p\/strawb\/#primaryimage\"},\"image\":{\"@id\":\"https:\/\/mocosociety.com\/fr\/p\/strawb\/#primaryimage\"},\"thumbnailUrl\":\"https:\/\/mocosociety.com\/wp-content\/uploads\/2021\/07\/Strawb-min.png\",\"datePublished\":\"2021-11-03T22:10:20+00:00\",\"dateModified\":\"2021-11-19T16:02:41+00:00\",\"description\":\"Renforce votre syst\u00e8me immunitaire et augmente la production de collag\u00e8ne. Les flavono\u00efdes de la fraise renforcent le c\u0153ur et les folates favorisent une grossesse saine.\",\"breadcrumb\":{\"@id\":\"https:\/\/mocosociety.com\/fr\/p\/strawb\/#breadcrumb\"},\"inLanguage\":\"fr-FR\",\"potentialAction\":[{\"@type\":\"ReadAction\",\"target\":[\"https:\/\/mocosociety.com\/fr\/p\/strawb\/\"]}]},{\"@type\":\"ImageObject\",\"inLanguage\":\"fr-FR\",\"@id\":\"https:\/\/mocosociety.com\/fr\/p\/strawb\/#primaryimage\",\"url\":\"https:\/\/mocosociety.com\/wp-content\/uploads\/2021\/07\/Strawb-min.png\",\"contentUrl\":\"https:\/\/mocosociety.com\/wp-content\/uploads\/2021\/07\/Strawb-min.png\",\"width\":1100,\"height\":1100,\"caption\":\"strawb\"},{\"@type\":\"BreadcrumbList\",\"@id\":\"https:\/\/mocosociety.com\/fr\/p\/strawb\/#breadcrumb\",\"itemListElement\":[{\"@type\":\"ListItem\",\"position\":1,\"name\":\"Home\",\"item\":\"https:\/\/mocosociety.com\/fr\/\"},{\"@type\":\"ListItem\",\"position\":2,\"name\":\"Products\",\"item\":\"https:\/\/mocosociety.com\/products\/\"},{\"@type\":\"ListItem\",\"position\":3,\"name\":\"Jus\",\"item\":\"https:\/\/mocosociety.com\/fr\/cat-produit\/jus\/\"},{\"@type\":\"ListItem\",\"position\":4,\"name\":\"Strawb&#8217;\"}]},{\"@type\":\"WebSite\",\"@id\":\"https:\/\/mocosociety.com\/fr\/#website\",\"url\":\"https:\/\/mocosociety.com\/fr\/\",\"name\":\"MOCO\",\"description\":\"Jus Bio Press\u00e9s \u00e0 froid\",\"publisher\":{\"@id\":\"https:\/\/mocosociety.com\/fr\/#organization\"},\"potentialAction\":[{\"@type\":\"SearchAction\",\"target\":{\"@type\":\"EntryPoint\",\"urlTemplate\":\"https:\/\/mocosociety.com\/fr\/?s={search_term_string}\"},\"query-input\":{\"@type\":\"PropertyValueSpecification\",\"valueRequired\":true,\"valueName\":\"search_term_string\"}}],\"inLanguage\":\"fr-FR\"},{\"@type\":\"Organization\",\"@id\":\"https:\/\/mocosociety.com\/fr\/#organization\",\"name\":\"MOCO\",\"url\":\"https:\/\/mocosociety.com\/fr\/\",\"logo\":{\"@type\":\"ImageObject\",\"inLanguage\":\"fr-FR\",\"@id\":\"https:\/\/mocosociety.com\/fr\/#\/schema\/logo\/image\/\",\"url\":\"https:\/\/mocosociety.com\/wp-content\/uploads\/2021\/06\/logo-moco.png\",\"contentUrl\":\"https:\/\/mocosociety.com\/wp-content\/uploads\/2021\/06\/logo-moco.png\",\"width\":306,\"height\":70,\"caption\":\"MOCO\"},\"image\":{\"@id\":\"https:\/\/mocosociety.com\/fr\/#\/schema\/logo\/image\/\"}}]}<\/script>\n<!-- \/ Yoast SEO plugin. -->","yoast_head_json":{"title":"Strawb' &#8902; MOCO","description":"Renforce votre syst\u00e8me immunitaire et augmente la production de collag\u00e8ne. Les flavono\u00efdes de la fraise renforcent le c\u0153ur et les folates favorisent une grossesse saine.","robots":{"index":"index","follow":"follow","max-snippet":"max-snippet:-1","max-image-preview":"max-image-preview:large","max-video-preview":"max-video-preview:-1"},"canonical":"https:\/\/mocosociety.com\/fr\/p\/strawb\/","og_locale":"fr_FR","og_type":"article","og_title":"Strawb' &#8902; MOCO","og_description":"Renforce votre syst\u00e8me immunitaire et augmente la production de collag\u00e8ne. Les flavono\u00efdes de la fraise renforcent le c\u0153ur et les folates favorisent une grossesse saine.","og_site_name":"MOCO","article_modified_time":"2021-11-19T16:02:41+00:00","og_image":[{"width":1100,"height":1100,"url":"https:\/\/mocosociety.com\/wp-content\/uploads\/2021\/07\/Strawb-min.png","type":"image\/png"}],"twitter_card":"summary_large_image","twitter_misc":{"Dur\u00e9e de lecture estim\u00e9e":"1 minute"},"schema":{"@context":"https:\/\/schema.org","@graph":[{"@type":["WebPage","ItemPage"],"@id":"https:\/\/mocosociety.com\/fr\/p\/strawb\/","url":"https:\/\/mocosociety.com\/fr\/p\/strawb\/","name":"Strawb' &#8902; MOCO","isPartOf":{"@id":"https:\/\/mocosociety.com\/fr\/#website"},"primaryImageOfPage":{"@id":"https:\/\/mocosociety.com\/fr\/p\/strawb\/#primaryimage"},"image":{"@id":"https:\/\/mocosociety.com\/fr\/p\/strawb\/#primaryimage"},"thumbnailUrl":"https:\/\/mocosociety.com\/wp-content\/uploads\/2021\/07\/Strawb-min.png","datePublished":"2021-11-03T22:10:20+00:00","dateModified":"2021-11-19T16:02:41+00:00","description":"Renforce votre syst\u00e8me immunitaire et augmente la production de collag\u00e8ne. Les flavono\u00efdes de la fraise renforcent le c\u0153ur et les folates favorisent une grossesse saine.","breadcrumb":{"@id":"https:\/\/mocosociety.com\/fr\/p\/strawb\/#breadcrumb"},"inLanguage":"fr-FR","potentialAction":[{"@type":"ReadAction","target":["https:\/\/mocosociety.com\/fr\/p\/strawb\/"]}]},{"@type":"ImageObject","inLanguage":"fr-FR","@id":"https:\/\/mocosociety.com\/fr\/p\/strawb\/#primaryimage","url":"https:\/\/mocosociety.com\/wp-content\/uploads\/2021\/07\/Strawb-min.png","contentUrl":"https:\/\/mocosociety.com\/wp-content\/uploads\/2021\/07\/Strawb-min.png","width":1100,"height":1100,"caption":"strawb"},{"@type":"BreadcrumbList","@id":"https:\/\/mocosociety.com\/fr\/p\/strawb\/#breadcrumb","itemListElement":[{"@type":"ListItem","position":1,"name":"Home","item":"https:\/\/mocosociety.com\/fr\/"},{"@type":"ListItem","position":2,"name":"Products","item":"https:\/\/mocosociety.com\/products\/"},{"@type":"ListItem","position":3,"name":"Jus","item":"https:\/\/mocosociety.com\/fr\/cat-produit\/jus\/"},{"@type":"ListItem","position":4,"name":"Strawb&#8217;"}]},{"@type":"WebSite","@id":"https:\/\/mocosociety.com\/fr\/#website","url":"https:\/\/mocosociety.com\/fr\/","name":"MOCO","description":"Jus Bio Press\u00e9s \u00e0 froid","publisher":{"@id":"https:\/\/mocosociety.com\/fr\/#organization"},"potentialAction":[{"@type":"SearchAction","target":{"@type":"EntryPoint","urlTemplate":"https:\/\/mocosociety.com\/fr\/?s={search_term_string}"},"query-input":{"@type":"PropertyValueSpecification","valueRequired":true,"valueName":"search_term_string"}}],"inLanguage":"fr-FR"},{"@type":"Organization","@id":"https:\/\/mocosociety.com\/fr\/#organization","name":"MOCO","url":"https:\/\/mocosociety.com\/fr\/","logo":{"@type":"ImageObject","inLanguage":"fr-FR","@id":"https:\/\/mocosociety.com\/fr\/#\/schema\/logo\/image\/","url":"https:\/\/mocosociety.com\/wp-content\/uploads\/2021\/06\/logo-moco.png","contentUrl":"https:\/\/mocosociety.com\/wp-content\/uploads\/2021\/06\/logo-moco.png","width":306,"height":70,"caption":"MOCO"},"image":{"@id":"https:\/\/mocosociety.com\/fr\/#\/schema\/logo\/image\/"}}]}},"_links":{"self":[{"href":"https:\/\/mocosociety.com\/fr\/wp-json\/wp\/v2\/product\/22090","targetHints":{"allow":["GET"]}}],"collection":[{"href":"https:\/\/mocosociety.com\/fr\/wp-json\/wp\/v2\/product"}],"about":[{"href":"https:\/\/mocosociety.com\/fr\/wp-json\/wp\/v2\/types\/product"}],"wp:featuredmedia":[{"embeddable":true,"href":"https:\/\/mocosociety.com\/fr\/wp-json\/wp\/v2\/media\/17127"}],"wp:attachment":[{"href":"https:\/\/mocosociety.com\/fr\/wp-json\/wp\/v2\/media?parent=22090"}],"wp:term":[{"taxonomy":"product_brand","embeddable":true,"href":"https:\/\/mocosociety.com\/fr\/wp-json\/wp\/v2\/product_brand?post=22090"},{"taxonomy":"product_cat","embeddable":true,"href":"https:\/\/mocosociety.com\/fr\/wp-json\/wp\/v2\/product_cat?post=22090"},{"taxonomy":"product_tag","embeddable":true,"href":"https:\/\/mocosociety.com\/fr\/wp-json\/wp\/v2\/product_tag?post=22090"}],"curies":[{"name":"wp","href":"https:\/\/api.w.org\/{rel}","templated":true}]}}