{"id":21840,"date":"2021-07-30T16:15:27","date_gmt":"2021-11-02T16:10:13","guid":{"rendered":"https:\/\/mocosociety.com\/product\/detox-discovery\/"},"modified":"2021-12-07T16:54:21","modified_gmt":"2021-12-07T15:54:21","slug":"detox-discovery","status":"publish","type":"product","link":"https:\/\/mocosociety.com\/fr\/p\/detox-discovery\/","title":{"rendered":"Detox Discovery"},"content":{"rendered":"<p>Une introduction aux best-sellers de Moco qui offre une large gamme de saveurs et de nutriments.<\/p>\n","protected":false},"excerpt":{"rendered":"<p>Une introduction aux best-sellers de Moco qui offre une large gamme de saveurs et de nutriments.<\/p>\n","protected":false},"featured_media":22950,"template":"","meta":{"_acf_changed":false,"_et_pb_use_builder":"","_et_pb_old_content":"","_et_gb_content_width":""},"product_brand":[],"product_cat":[77,63],"product_tag":[80,79,86,81,67,113,105,69,101,70,116,83,104,117,68,102,103,85,82,65,114],"class_list":{"0":"post-21840","1":"product","2":"type-product","3":"status-publish","4":"has-post-thumbnail","6":"product_cat-cures-de-jus","7":"product_cat-bestsellers-fr","8":"product_tag-aloe-vera-fr","9":"product_tag-ananas","10":"product_tag-basilic","11":"product_tag-betterave","12":"product_tag-carotte","13":"product_tag-celeri","14":"product_tag-chou-kale","15":"product_tag-citron","16":"product_tag-concombre","17":"product_tag-curcuma-fr","18":"product_tag-dattes-medjool","19":"product_tag-eau-de-coco","20":"product_tag-epinard","21":"product_tag-fraise","22":"product_tag-gingembre","23":"product_tag-laitue","24":"product_tag-menthe","25":"product_tag-orange-fr","26":"product_tag-piment-de-cayenne","27":"product_tag-pomme","28":"product_tag-sel-himalaya","29":"product_shipping_class-livraison-frais","31":"first","32":"outofstock","33":"taxable","34":"shipping-taxable","35":"purchasable","36":"product-type-variable","37":"has-default-attributes"},"acf":[],"yoast_head":"<!-- This site is optimized with the Yoast SEO plugin v25.5 - https:\/\/yoast.com\/wordpress\/plugins\/seo\/ -->\n<title>Detox Discovery pack de jus &#8902; MOCO<\/title>\n<meta name=\"description\" content=\"Une introduction aux best-sellers de Moco qui offre une large gamme de saveurs : fruit\u00e9, v\u00e9g\u00e9tal, noix et eau de coco biologique.\" \/>\n<meta name=\"robots\" content=\"index, follow, max-snippet:-1, max-image-preview:large, max-video-preview:-1\" \/>\n<link rel=\"canonical\" href=\"https:\/\/mocosociety.com\/fr\/p\/detox-discovery\/\" \/>\n<meta property=\"og:locale\" content=\"fr_FR\" \/>\n<meta property=\"og:type\" content=\"article\" \/>\n<meta property=\"og:title\" content=\"Detox Discovery pack de jus &#8902; MOCO\" \/>\n<meta property=\"og:description\" content=\"Une introduction aux best-sellers de Moco qui offre une large gamme de saveurs : fruit\u00e9, v\u00e9g\u00e9tal, noix et eau de coco biologique.\" \/>\n<meta property=\"og:site_name\" content=\"MOCO\" \/>\n<meta property=\"article:modified_time\" content=\"2021-12-07T15:54:21+00:00\" \/>\n<meta property=\"og:image\" content=\"https:\/\/mocosociety.com\/wp-content\/uploads\/2021\/07\/Detox-discovery_square_2021.png\" \/>\n\t<meta property=\"og:image:width\" content=\"1277\" \/>\n\t<meta property=\"og:image:height\" content=\"1277\" \/>\n\t<meta property=\"og:image:type\" content=\"image\/png\" \/>\n<meta name=\"twitter:card\" content=\"summary_large_image\" \/>\n<script type=\"application\/ld+json\" class=\"yoast-schema-graph\">{\"@context\":\"https:\/\/schema.org\",\"@graph\":[{\"@type\":[\"WebPage\",\"ItemPage\"],\"@id\":\"https:\/\/mocosociety.com\/fr\/p\/detox-discovery\/\",\"url\":\"https:\/\/mocosociety.com\/fr\/p\/detox-discovery\/\",\"name\":\"Detox Discovery pack de jus &#8902; MOCO\",\"isPartOf\":{\"@id\":\"https:\/\/mocosociety.com\/fr\/#website\"},\"primaryImageOfPage\":{\"@id\":\"https:\/\/mocosociety.com\/fr\/p\/detox-discovery\/#primaryimage\"},\"image\":{\"@id\":\"https:\/\/mocosociety.com\/fr\/p\/detox-discovery\/#primaryimage\"},\"thumbnailUrl\":\"https:\/\/mocosociety.com\/wp-content\/uploads\/2021\/07\/Detox-discovery_square_2021.png\",\"datePublished\":\"2021-11-02T16:10:13+00:00\",\"dateModified\":\"2021-12-07T15:54:21+00:00\",\"description\":\"Une introduction aux best-sellers de Moco qui offre une large gamme de saveurs : fruit\u00e9, v\u00e9g\u00e9tal, noix et eau de coco biologique.\",\"breadcrumb\":{\"@id\":\"https:\/\/mocosociety.com\/fr\/p\/detox-discovery\/#breadcrumb\"},\"inLanguage\":\"fr-FR\",\"potentialAction\":[{\"@type\":\"ReadAction\",\"target\":[\"https:\/\/mocosociety.com\/fr\/p\/detox-discovery\/\"]}]},{\"@type\":\"ImageObject\",\"inLanguage\":\"fr-FR\",\"@id\":\"https:\/\/mocosociety.com\/fr\/p\/detox-discovery\/#primaryimage\",\"url\":\"https:\/\/mocosociety.com\/wp-content\/uploads\/2021\/07\/Detox-discovery_square_2021.png\",\"contentUrl\":\"https:\/\/mocosociety.com\/wp-content\/uploads\/2021\/07\/Detox-discovery_square_2021.png\",\"width\":1277,\"height\":1277,\"caption\":\"Detox discovery 2021\"},{\"@type\":\"BreadcrumbList\",\"@id\":\"https:\/\/mocosociety.com\/fr\/p\/detox-discovery\/#breadcrumb\",\"itemListElement\":[{\"@type\":\"ListItem\",\"position\":1,\"name\":\"Home\",\"item\":\"https:\/\/mocosociety.com\/fr\/\"},{\"@type\":\"ListItem\",\"position\":2,\"name\":\"Products\",\"item\":\"https:\/\/mocosociety.com\/products\/\"},{\"@type\":\"ListItem\",\"position\":3,\"name\":\"Cures de jus\",\"item\":\"https:\/\/mocosociety.com\/fr\/cat-produit\/cures-de-jus\/\"},{\"@type\":\"ListItem\",\"position\":4,\"name\":\"Detox Discovery\"}]},{\"@type\":\"WebSite\",\"@id\":\"https:\/\/mocosociety.com\/fr\/#website\",\"url\":\"https:\/\/mocosociety.com\/fr\/\",\"name\":\"MOCO\",\"description\":\"Jus Bio Press\u00e9s \u00e0 froid\",\"publisher\":{\"@id\":\"https:\/\/mocosociety.com\/fr\/#organization\"},\"potentialAction\":[{\"@type\":\"SearchAction\",\"target\":{\"@type\":\"EntryPoint\",\"urlTemplate\":\"https:\/\/mocosociety.com\/fr\/?s={search_term_string}\"},\"query-input\":{\"@type\":\"PropertyValueSpecification\",\"valueRequired\":true,\"valueName\":\"search_term_string\"}}],\"inLanguage\":\"fr-FR\"},{\"@type\":\"Organization\",\"@id\":\"https:\/\/mocosociety.com\/fr\/#organization\",\"name\":\"MOCO\",\"url\":\"https:\/\/mocosociety.com\/fr\/\",\"logo\":{\"@type\":\"ImageObject\",\"inLanguage\":\"fr-FR\",\"@id\":\"https:\/\/mocosociety.com\/fr\/#\/schema\/logo\/image\/\",\"url\":\"https:\/\/mocosociety.com\/wp-content\/uploads\/2021\/06\/logo-moco.png\",\"contentUrl\":\"https:\/\/mocosociety.com\/wp-content\/uploads\/2021\/06\/logo-moco.png\",\"width\":306,\"height\":70,\"caption\":\"MOCO\"},\"image\":{\"@id\":\"https:\/\/mocosociety.com\/fr\/#\/schema\/logo\/image\/\"}}]}<\/script>\n<!-- \/ Yoast SEO plugin. -->","yoast_head_json":{"title":"Detox Discovery pack de jus &#8902; MOCO","description":"Une introduction aux best-sellers de Moco qui offre une large gamme de saveurs : fruit\u00e9, v\u00e9g\u00e9tal, noix et eau de coco biologique.","robots":{"index":"index","follow":"follow","max-snippet":"max-snippet:-1","max-image-preview":"max-image-preview:large","max-video-preview":"max-video-preview:-1"},"canonical":"https:\/\/mocosociety.com\/fr\/p\/detox-discovery\/","og_locale":"fr_FR","og_type":"article","og_title":"Detox Discovery pack de jus &#8902; MOCO","og_description":"Une introduction aux best-sellers de Moco qui offre une large gamme de saveurs : fruit\u00e9, v\u00e9g\u00e9tal, noix et eau de coco biologique.","og_site_name":"MOCO","article_modified_time":"2021-12-07T15:54:21+00:00","og_image":[{"width":1277,"height":1277,"url":"https:\/\/mocosociety.com\/wp-content\/uploads\/2021\/07\/Detox-discovery_square_2021.png","type":"image\/png"}],"twitter_card":"summary_large_image","schema":{"@context":"https:\/\/schema.org","@graph":[{"@type":["WebPage","ItemPage"],"@id":"https:\/\/mocosociety.com\/fr\/p\/detox-discovery\/","url":"https:\/\/mocosociety.com\/fr\/p\/detox-discovery\/","name":"Detox Discovery pack de jus &#8902; MOCO","isPartOf":{"@id":"https:\/\/mocosociety.com\/fr\/#website"},"primaryImageOfPage":{"@id":"https:\/\/mocosociety.com\/fr\/p\/detox-discovery\/#primaryimage"},"image":{"@id":"https:\/\/mocosociety.com\/fr\/p\/detox-discovery\/#primaryimage"},"thumbnailUrl":"https:\/\/mocosociety.com\/wp-content\/uploads\/2021\/07\/Detox-discovery_square_2021.png","datePublished":"2021-11-02T16:10:13+00:00","dateModified":"2021-12-07T15:54:21+00:00","description":"Une introduction aux best-sellers de Moco qui offre une large gamme de saveurs : fruit\u00e9, v\u00e9g\u00e9tal, noix et eau de coco biologique.","breadcrumb":{"@id":"https:\/\/mocosociety.com\/fr\/p\/detox-discovery\/#breadcrumb"},"inLanguage":"fr-FR","potentialAction":[{"@type":"ReadAction","target":["https:\/\/mocosociety.com\/fr\/p\/detox-discovery\/"]}]},{"@type":"ImageObject","inLanguage":"fr-FR","@id":"https:\/\/mocosociety.com\/fr\/p\/detox-discovery\/#primaryimage","url":"https:\/\/mocosociety.com\/wp-content\/uploads\/2021\/07\/Detox-discovery_square_2021.png","contentUrl":"https:\/\/mocosociety.com\/wp-content\/uploads\/2021\/07\/Detox-discovery_square_2021.png","width":1277,"height":1277,"caption":"Detox discovery 2021"},{"@type":"BreadcrumbList","@id":"https:\/\/mocosociety.com\/fr\/p\/detox-discovery\/#breadcrumb","itemListElement":[{"@type":"ListItem","position":1,"name":"Home","item":"https:\/\/mocosociety.com\/fr\/"},{"@type":"ListItem","position":2,"name":"Products","item":"https:\/\/mocosociety.com\/products\/"},{"@type":"ListItem","position":3,"name":"Cures de jus","item":"https:\/\/mocosociety.com\/fr\/cat-produit\/cures-de-jus\/"},{"@type":"ListItem","position":4,"name":"Detox Discovery"}]},{"@type":"WebSite","@id":"https:\/\/mocosociety.com\/fr\/#website","url":"https:\/\/mocosociety.com\/fr\/","name":"MOCO","description":"Jus Bio Press\u00e9s \u00e0 froid","publisher":{"@id":"https:\/\/mocosociety.com\/fr\/#organization"},"potentialAction":[{"@type":"SearchAction","target":{"@type":"EntryPoint","urlTemplate":"https:\/\/mocosociety.com\/fr\/?s={search_term_string}"},"query-input":{"@type":"PropertyValueSpecification","valueRequired":true,"valueName":"search_term_string"}}],"inLanguage":"fr-FR"},{"@type":"Organization","@id":"https:\/\/mocosociety.com\/fr\/#organization","name":"MOCO","url":"https:\/\/mocosociety.com\/fr\/","logo":{"@type":"ImageObject","inLanguage":"fr-FR","@id":"https:\/\/mocosociety.com\/fr\/#\/schema\/logo\/image\/","url":"https:\/\/mocosociety.com\/wp-content\/uploads\/2021\/06\/logo-moco.png","contentUrl":"https:\/\/mocosociety.com\/wp-content\/uploads\/2021\/06\/logo-moco.png","width":306,"height":70,"caption":"MOCO"},"image":{"@id":"https:\/\/mocosociety.com\/fr\/#\/schema\/logo\/image\/"}}]}},"_links":{"self":[{"href":"https:\/\/mocosociety.com\/fr\/wp-json\/wp\/v2\/product\/21840","targetHints":{"allow":["GET"]}}],"collection":[{"href":"https:\/\/mocosociety.com\/fr\/wp-json\/wp\/v2\/product"}],"about":[{"href":"https:\/\/mocosociety.com\/fr\/wp-json\/wp\/v2\/types\/product"}],"wp:featuredmedia":[{"embeddable":true,"href":"https:\/\/mocosociety.com\/fr\/wp-json\/wp\/v2\/media\/22950"}],"wp:attachment":[{"href":"https:\/\/mocosociety.com\/fr\/wp-json\/wp\/v2\/media?parent=21840"}],"wp:term":[{"taxonomy":"product_brand","embeddable":true,"href":"https:\/\/mocosociety.com\/fr\/wp-json\/wp\/v2\/product_brand?post=21840"},{"taxonomy":"product_cat","embeddable":true,"href":"https:\/\/mocosociety.com\/fr\/wp-json\/wp\/v2\/product_cat?post=21840"},{"taxonomy":"product_tag","embeddable":true,"href":"https:\/\/mocosociety.com\/fr\/wp-json\/wp\/v2\/product_tag?post=21840"}],"curies":[{"name":"wp","href":"https:\/\/api.w.org\/{rel}","templated":true}]}}