{"id":20154,"date":"2021-09-15T12:01:50","date_gmt":"2021-09-15T14:04:17","guid":{"rendered":"https:\/\/mocosociety.com\/p\/non%20class\u00e9\/picknmix\/"},"modified":"2022-01-05T11:49:31","modified_gmt":"2022-01-05T10:49:31","slug":"pick-n-mix","status":"publish","type":"product","link":"https:\/\/mocosociety.com\/fr\/p\/pick-n-mix\/","title":{"rendered":"Pick&#8217;N&#8217;Mix"},"content":{"rendered":"<p>Choisissez vos jus press\u00e9s \u00e0 froid favoris. Ils sont tous charg\u00e9s de vitamines, min\u00e9raux et enzymes biodisponibles. Tous ces \u00e9l\u00e9ments visent \u00e0 prot\u00e9ger vos cellules des dommages caus\u00e9s par les radicaux libres, \u00e0 renforcer votre syst\u00e8me immunitaire et votre sant\u00e9 globale.<\/p>\n","protected":false},"excerpt":{"rendered":"<p>Choisissez vos jus press\u00e9s \u00e0 froid favoris. Ils sont tous charg\u00e9s de vitamines, min\u00e9raux et enzymes biodisponibles. Tous ces \u00e9l\u00e9ments visent \u00e0 prot\u00e9ger vos cellules des dommages caus\u00e9s par les radicaux libres, \u00e0 renforcer votre syst\u00e8me immunitaire et votre sant\u00e9 globale.<\/p>\n","protected":false},"featured_media":20093,"template":"","meta":{"_acf_changed":false,"_et_pb_use_builder":"","_et_pb_old_content":"","_et_gb_content_width":""},"product_brand":[],"product_cat":[63,118],"product_tag":[80,79,86,81,67,113,105,69,101,70,116,83,104,117,68,112,102,115,103,85,82,65,114],"class_list":{"0":"post-20154","1":"product","2":"type-product","3":"status-publish","4":"has-post-thumbnail","6":"product_cat-bestsellers-fr","7":"product_cat-coffrets","8":"product_tag-aloe-vera-fr","9":"product_tag-ananas","10":"product_tag-basilic","11":"product_tag-betterave","12":"product_tag-carotte","13":"product_tag-celeri","14":"product_tag-chou-kale","15":"product_tag-citron","16":"product_tag-concombre","17":"product_tag-curcuma-fr","18":"product_tag-dattes-medjool","19":"product_tag-eau-de-coco","20":"product_tag-epinard","21":"product_tag-fraise","22":"product_tag-gingembre","23":"product_tag-lait-amande","24":"product_tag-laitue","25":"product_tag-matcha-fr","26":"product_tag-menthe","27":"product_tag-orange-fr","28":"product_tag-piment-de-cayenne","29":"product_tag-pomme","30":"product_tag-sel-himalaya","31":"product_shipping_class-livraison-frais","33":"first","34":"outofstock","35":"taxable","36":"shipping-taxable","37":"purchasable","38":"product-type-simple"},"acf":[],"yoast_head":"<!-- This site is optimized with the Yoast SEO plugin v25.5 - https:\/\/yoast.com\/wordpress\/plugins\/seo\/ -->\n<title>Pick&#039;N&#039;Mix (Coffret de jus sur mesure) &#8902; MOCO<\/title>\n<meta name=\"robots\" content=\"index, follow, max-snippet:-1, max-image-preview:large, max-video-preview:-1\" \/>\n<link rel=\"canonical\" href=\"https:\/\/mocosociety.com\/fr\/p\/pick-n-mix\/\" \/>\n<meta property=\"og:locale\" content=\"fr_FR\" \/>\n<meta property=\"og:type\" content=\"article\" \/>\n<meta property=\"og:title\" content=\"Pick&#039;N&#039;Mix (Coffret de jus sur mesure) &#8902; MOCO\" \/>\n<meta property=\"og:description\" content=\"Choisissez vos jus press\u00e9s \u00e0 froid favoris. Ils sont tous charg\u00e9s de vitamines, min\u00e9raux et enzymes biodisponibles. Tous ces \u00e9l\u00e9ments visent \u00e0 prot\u00e9ger vos cellules des dommages caus\u00e9s par les radicaux libres, \u00e0 renforcer votre syst\u00e8me immunitaire et votre sant\u00e9 globale.\" \/>\n<meta property=\"og:site_name\" content=\"MOCO\" \/>\n<meta property=\"article:modified_time\" content=\"2022-01-05T10:49:31+00:00\" \/>\n<meta property=\"og:image\" content=\"https:\/\/mocosociety.com\/wp-content\/uploads\/2021\/09\/pick-and-mix_square.png\" \/>\n\t<meta property=\"og:image:width\" content=\"1277\" \/>\n\t<meta property=\"og:image:height\" content=\"1277\" \/>\n\t<meta property=\"og:image:type\" content=\"image\/png\" \/>\n<meta name=\"twitter:card\" content=\"summary_large_image\" \/>\n<meta name=\"twitter:label1\" content=\"Dur\u00e9e de lecture estim\u00e9e\" \/>\n\t<meta name=\"twitter:data1\" content=\"1 minute\" \/>\n<script type=\"application\/ld+json\" class=\"yoast-schema-graph\">{\"@context\":\"https:\/\/schema.org\",\"@graph\":[{\"@type\":[\"WebPage\",\"ItemPage\"],\"@id\":\"https:\/\/mocosociety.com\/fr\/p\/pick-n-mix\/\",\"url\":\"https:\/\/mocosociety.com\/fr\/p\/pick-n-mix\/\",\"name\":\"Pick'N'Mix (Coffret de jus sur mesure) &#8902; MOCO\",\"isPartOf\":{\"@id\":\"https:\/\/mocosociety.com\/fr\/#website\"},\"primaryImageOfPage\":{\"@id\":\"https:\/\/mocosociety.com\/fr\/p\/pick-n-mix\/#primaryimage\"},\"image\":{\"@id\":\"https:\/\/mocosociety.com\/fr\/p\/pick-n-mix\/#primaryimage\"},\"thumbnailUrl\":\"https:\/\/mocosociety.com\/wp-content\/uploads\/2021\/09\/pick-and-mix_square.png\",\"datePublished\":\"2021-09-15T14:04:17+00:00\",\"dateModified\":\"2022-01-05T10:49:31+00:00\",\"breadcrumb\":{\"@id\":\"https:\/\/mocosociety.com\/fr\/p\/pick-n-mix\/#breadcrumb\"},\"inLanguage\":\"fr-FR\",\"potentialAction\":[{\"@type\":\"ReadAction\",\"target\":[\"https:\/\/mocosociety.com\/fr\/p\/pick-n-mix\/\"]}]},{\"@type\":\"ImageObject\",\"inLanguage\":\"fr-FR\",\"@id\":\"https:\/\/mocosociety.com\/fr\/p\/pick-n-mix\/#primaryimage\",\"url\":\"https:\/\/mocosociety.com\/wp-content\/uploads\/2021\/09\/pick-and-mix_square.png\",\"contentUrl\":\"https:\/\/mocosociety.com\/wp-content\/uploads\/2021\/09\/pick-and-mix_square.png\",\"width\":1277,\"height\":1277,\"caption\":\"Pick and Mix\"},{\"@type\":\"BreadcrumbList\",\"@id\":\"https:\/\/mocosociety.com\/fr\/p\/pick-n-mix\/#breadcrumb\",\"itemListElement\":[{\"@type\":\"ListItem\",\"position\":1,\"name\":\"Home\",\"item\":\"https:\/\/mocosociety.com\/fr\/\"},{\"@type\":\"ListItem\",\"position\":2,\"name\":\"Products\",\"item\":\"https:\/\/mocosociety.com\/products\/\"},{\"@type\":\"ListItem\",\"position\":3,\"name\":\"Meilleures ventes\",\"item\":\"https:\/\/mocosociety.com\/fr\/cat-produit\/bestsellers-fr\/\"},{\"@type\":\"ListItem\",\"position\":4,\"name\":\"Pick&#8217;N&#8217;Mix\"}]},{\"@type\":\"WebSite\",\"@id\":\"https:\/\/mocosociety.com\/fr\/#website\",\"url\":\"https:\/\/mocosociety.com\/fr\/\",\"name\":\"MOCO\",\"description\":\"Jus Bio Press\u00e9s \u00e0 froid\",\"publisher\":{\"@id\":\"https:\/\/mocosociety.com\/fr\/#organization\"},\"potentialAction\":[{\"@type\":\"SearchAction\",\"target\":{\"@type\":\"EntryPoint\",\"urlTemplate\":\"https:\/\/mocosociety.com\/fr\/?s={search_term_string}\"},\"query-input\":{\"@type\":\"PropertyValueSpecification\",\"valueRequired\":true,\"valueName\":\"search_term_string\"}}],\"inLanguage\":\"fr-FR\"},{\"@type\":\"Organization\",\"@id\":\"https:\/\/mocosociety.com\/fr\/#organization\",\"name\":\"MOCO\",\"url\":\"https:\/\/mocosociety.com\/fr\/\",\"logo\":{\"@type\":\"ImageObject\",\"inLanguage\":\"fr-FR\",\"@id\":\"https:\/\/mocosociety.com\/fr\/#\/schema\/logo\/image\/\",\"url\":\"https:\/\/mocosociety.com\/wp-content\/uploads\/2021\/06\/logo-moco.png\",\"contentUrl\":\"https:\/\/mocosociety.com\/wp-content\/uploads\/2021\/06\/logo-moco.png\",\"width\":306,\"height\":70,\"caption\":\"MOCO\"},\"image\":{\"@id\":\"https:\/\/mocosociety.com\/fr\/#\/schema\/logo\/image\/\"}}]}<\/script>\n<!-- \/ Yoast SEO plugin. -->","yoast_head_json":{"title":"Pick'N'Mix (Coffret de jus sur mesure) &#8902; MOCO","robots":{"index":"index","follow":"follow","max-snippet":"max-snippet:-1","max-image-preview":"max-image-preview:large","max-video-preview":"max-video-preview:-1"},"canonical":"https:\/\/mocosociety.com\/fr\/p\/pick-n-mix\/","og_locale":"fr_FR","og_type":"article","og_title":"Pick'N'Mix (Coffret de jus sur mesure) &#8902; MOCO","og_description":"Choisissez vos jus press\u00e9s \u00e0 froid favoris. Ils sont tous charg\u00e9s de vitamines, min\u00e9raux et enzymes biodisponibles. Tous ces \u00e9l\u00e9ments visent \u00e0 prot\u00e9ger vos cellules des dommages caus\u00e9s par les radicaux libres, \u00e0 renforcer votre syst\u00e8me immunitaire et votre sant\u00e9 globale.","og_site_name":"MOCO","article_modified_time":"2022-01-05T10:49:31+00:00","og_image":[{"width":1277,"height":1277,"url":"https:\/\/mocosociety.com\/wp-content\/uploads\/2021\/09\/pick-and-mix_square.png","type":"image\/png"}],"twitter_card":"summary_large_image","twitter_misc":{"Dur\u00e9e de lecture estim\u00e9e":"1 minute"},"schema":{"@context":"https:\/\/schema.org","@graph":[{"@type":["WebPage","ItemPage"],"@id":"https:\/\/mocosociety.com\/fr\/p\/pick-n-mix\/","url":"https:\/\/mocosociety.com\/fr\/p\/pick-n-mix\/","name":"Pick'N'Mix (Coffret de jus sur mesure) &#8902; MOCO","isPartOf":{"@id":"https:\/\/mocosociety.com\/fr\/#website"},"primaryImageOfPage":{"@id":"https:\/\/mocosociety.com\/fr\/p\/pick-n-mix\/#primaryimage"},"image":{"@id":"https:\/\/mocosociety.com\/fr\/p\/pick-n-mix\/#primaryimage"},"thumbnailUrl":"https:\/\/mocosociety.com\/wp-content\/uploads\/2021\/09\/pick-and-mix_square.png","datePublished":"2021-09-15T14:04:17+00:00","dateModified":"2022-01-05T10:49:31+00:00","breadcrumb":{"@id":"https:\/\/mocosociety.com\/fr\/p\/pick-n-mix\/#breadcrumb"},"inLanguage":"fr-FR","potentialAction":[{"@type":"ReadAction","target":["https:\/\/mocosociety.com\/fr\/p\/pick-n-mix\/"]}]},{"@type":"ImageObject","inLanguage":"fr-FR","@id":"https:\/\/mocosociety.com\/fr\/p\/pick-n-mix\/#primaryimage","url":"https:\/\/mocosociety.com\/wp-content\/uploads\/2021\/09\/pick-and-mix_square.png","contentUrl":"https:\/\/mocosociety.com\/wp-content\/uploads\/2021\/09\/pick-and-mix_square.png","width":1277,"height":1277,"caption":"Pick and Mix"},{"@type":"BreadcrumbList","@id":"https:\/\/mocosociety.com\/fr\/p\/pick-n-mix\/#breadcrumb","itemListElement":[{"@type":"ListItem","position":1,"name":"Home","item":"https:\/\/mocosociety.com\/fr\/"},{"@type":"ListItem","position":2,"name":"Products","item":"https:\/\/mocosociety.com\/products\/"},{"@type":"ListItem","position":3,"name":"Meilleures ventes","item":"https:\/\/mocosociety.com\/fr\/cat-produit\/bestsellers-fr\/"},{"@type":"ListItem","position":4,"name":"Pick&#8217;N&#8217;Mix"}]},{"@type":"WebSite","@id":"https:\/\/mocosociety.com\/fr\/#website","url":"https:\/\/mocosociety.com\/fr\/","name":"MOCO","description":"Jus Bio Press\u00e9s \u00e0 froid","publisher":{"@id":"https:\/\/mocosociety.com\/fr\/#organization"},"potentialAction":[{"@type":"SearchAction","target":{"@type":"EntryPoint","urlTemplate":"https:\/\/mocosociety.com\/fr\/?s={search_term_string}"},"query-input":{"@type":"PropertyValueSpecification","valueRequired":true,"valueName":"search_term_string"}}],"inLanguage":"fr-FR"},{"@type":"Organization","@id":"https:\/\/mocosociety.com\/fr\/#organization","name":"MOCO","url":"https:\/\/mocosociety.com\/fr\/","logo":{"@type":"ImageObject","inLanguage":"fr-FR","@id":"https:\/\/mocosociety.com\/fr\/#\/schema\/logo\/image\/","url":"https:\/\/mocosociety.com\/wp-content\/uploads\/2021\/06\/logo-moco.png","contentUrl":"https:\/\/mocosociety.com\/wp-content\/uploads\/2021\/06\/logo-moco.png","width":306,"height":70,"caption":"MOCO"},"image":{"@id":"https:\/\/mocosociety.com\/fr\/#\/schema\/logo\/image\/"}}]}},"_links":{"self":[{"href":"https:\/\/mocosociety.com\/fr\/wp-json\/wp\/v2\/product\/20154","targetHints":{"allow":["GET"]}}],"collection":[{"href":"https:\/\/mocosociety.com\/fr\/wp-json\/wp\/v2\/product"}],"about":[{"href":"https:\/\/mocosociety.com\/fr\/wp-json\/wp\/v2\/types\/product"}],"wp:featuredmedia":[{"embeddable":true,"href":"https:\/\/mocosociety.com\/fr\/wp-json\/wp\/v2\/media\/20093"}],"wp:attachment":[{"href":"https:\/\/mocosociety.com\/fr\/wp-json\/wp\/v2\/media?parent=20154"}],"wp:term":[{"taxonomy":"product_brand","embeddable":true,"href":"https:\/\/mocosociety.com\/fr\/wp-json\/wp\/v2\/product_brand?post=20154"},{"taxonomy":"product_cat","embeddable":true,"href":"https:\/\/mocosociety.com\/fr\/wp-json\/wp\/v2\/product_cat?post=20154"},{"taxonomy":"product_tag","embeddable":true,"href":"https:\/\/mocosociety.com\/fr\/wp-json\/wp\/v2\/product_tag?post=20154"}],"curies":[{"name":"wp","href":"https:\/\/api.w.org\/{rel}","templated":true}]}}