{"id":18634,"date":"2021-08-24T09:59:20","date_gmt":"2021-08-24T08:01:41","guid":{"rendered":"https:\/\/mocosociety.com\/product\/just-classic\/"},"modified":"2021-11-10T19:31:42","modified_gmt":"2021-11-10T18:31:42","slug":"just-classic","status":"publish","type":"product","link":"https:\/\/mocosociety.com\/fr\/p\/just-classic\/","title":{"rendered":"JUST Classic"},"content":{"rendered":"<p>Choisissez vos jus bio favoris dans notre coffret JUST. Chacun d&#8217;entre eux est enrichi de 1\/2 kg de fruits ou de l\u00e9gumes press\u00e9s. JUST un ingr\u00e9dient et rien d&#8217;autre. <\/p>\n","protected":false},"excerpt":{"rendered":"<p>Choisissez vos jus bio favoris dans notre coffret JUST. JUST un ingr\u00e9dient et rien d&#8217;autre.<\/p>\n","protected":false},"featured_media":20023,"template":"","meta":{"_acf_changed":false,"_et_pb_use_builder":"","_et_pb_old_content":"","_et_gb_content_width":""},"product_brand":[],"product_cat":[118],"product_tag":[113,85,65],"class_list":{"0":"post-18634","1":"product","2":"type-product","3":"status-publish","4":"has-post-thumbnail","6":"product_cat-coffrets","7":"product_tag-celeri","8":"product_tag-orange-fr","9":"product_tag-pomme","10":"product_shipping_class-livraison-frais","12":"first","13":"outofstock","14":"taxable","15":"shipping-taxable","16":"purchasable","17":"product-type-simple"},"acf":[],"yoast_head":"<!-- This site is optimized with the Yoast SEO plugin v25.5 - https:\/\/yoast.com\/wordpress\/plugins\/seo\/ -->\n<title>JUST Classic &#8902; MOCO<\/title>\n<meta name=\"robots\" content=\"index, follow, max-snippet:-1, max-image-preview:large, max-video-preview:-1\" \/>\n<link rel=\"canonical\" href=\"https:\/\/mocosociety.com\/fr\/p\/just-classic\/\" \/>\n<meta property=\"og:locale\" content=\"fr_FR\" \/>\n<meta property=\"og:type\" content=\"article\" \/>\n<meta property=\"og:title\" content=\"JUST Classic &#8902; MOCO\" \/>\n<meta property=\"og:description\" content=\"Choisissez vos jus bio favoris dans notre coffret JUST. JUST un ingr\u00e9dient et rien d&#039;autre.\" \/>\n<meta property=\"og:site_name\" content=\"MOCO\" \/>\n<meta property=\"article:modified_time\" content=\"2021-11-10T18:31:42+00:00\" \/>\n<meta property=\"og:image\" content=\"https:\/\/mocosociety.com\/wp-content\/uploads\/2021\/09\/just_classic-SQUARE.png\" \/>\n\t<meta property=\"og:image:width\" content=\"1277\" \/>\n\t<meta property=\"og:image:height\" content=\"1277\" \/>\n\t<meta property=\"og:image:type\" content=\"image\/png\" \/>\n<meta name=\"twitter:card\" content=\"summary_large_image\" \/>\n<script type=\"application\/ld+json\" class=\"yoast-schema-graph\">{\"@context\":\"https:\/\/schema.org\",\"@graph\":[{\"@type\":[\"WebPage\",\"ItemPage\"],\"@id\":\"https:\/\/mocosociety.com\/fr\/p\/just-classic\/\",\"url\":\"https:\/\/mocosociety.com\/fr\/p\/just-classic\/\",\"name\":\"JUST Classic &#8902; MOCO\",\"isPartOf\":{\"@id\":\"https:\/\/mocosociety.com\/fr\/#website\"},\"primaryImageOfPage\":{\"@id\":\"https:\/\/mocosociety.com\/fr\/p\/just-classic\/#primaryimage\"},\"image\":{\"@id\":\"https:\/\/mocosociety.com\/fr\/p\/just-classic\/#primaryimage\"},\"thumbnailUrl\":\"https:\/\/mocosociety.com\/wp-content\/uploads\/2021\/09\/just_classic-SQUARE.png\",\"datePublished\":\"2021-08-24T08:01:41+00:00\",\"dateModified\":\"2021-11-10T18:31:42+00:00\",\"breadcrumb\":{\"@id\":\"https:\/\/mocosociety.com\/fr\/p\/just-classic\/#breadcrumb\"},\"inLanguage\":\"fr-FR\",\"potentialAction\":[{\"@type\":\"ReadAction\",\"target\":[\"https:\/\/mocosociety.com\/fr\/p\/just-classic\/\"]}]},{\"@type\":\"ImageObject\",\"inLanguage\":\"fr-FR\",\"@id\":\"https:\/\/mocosociety.com\/fr\/p\/just-classic\/#primaryimage\",\"url\":\"https:\/\/mocosociety.com\/wp-content\/uploads\/2021\/09\/just_classic-SQUARE.png\",\"contentUrl\":\"https:\/\/mocosociety.com\/wp-content\/uploads\/2021\/09\/just_classic-SQUARE.png\",\"width\":1277,\"height\":1277,\"caption\":\"just classic\"},{\"@type\":\"BreadcrumbList\",\"@id\":\"https:\/\/mocosociety.com\/fr\/p\/just-classic\/#breadcrumb\",\"itemListElement\":[{\"@type\":\"ListItem\",\"position\":1,\"name\":\"Home\",\"item\":\"https:\/\/mocosociety.com\/fr\/\"},{\"@type\":\"ListItem\",\"position\":2,\"name\":\"Products\",\"item\":\"https:\/\/mocosociety.com\/products\/\"},{\"@type\":\"ListItem\",\"position\":3,\"name\":\"Packs\",\"item\":\"https:\/\/mocosociety.com\/fr\/cat-produit\/coffrets\/\"},{\"@type\":\"ListItem\",\"position\":4,\"name\":\"JUST Classic\"}]},{\"@type\":\"WebSite\",\"@id\":\"https:\/\/mocosociety.com\/fr\/#website\",\"url\":\"https:\/\/mocosociety.com\/fr\/\",\"name\":\"MOCO\",\"description\":\"Jus Bio Press\u00e9s \u00e0 froid\",\"publisher\":{\"@id\":\"https:\/\/mocosociety.com\/fr\/#organization\"},\"potentialAction\":[{\"@type\":\"SearchAction\",\"target\":{\"@type\":\"EntryPoint\",\"urlTemplate\":\"https:\/\/mocosociety.com\/fr\/?s={search_term_string}\"},\"query-input\":{\"@type\":\"PropertyValueSpecification\",\"valueRequired\":true,\"valueName\":\"search_term_string\"}}],\"inLanguage\":\"fr-FR\"},{\"@type\":\"Organization\",\"@id\":\"https:\/\/mocosociety.com\/fr\/#organization\",\"name\":\"MOCO\",\"url\":\"https:\/\/mocosociety.com\/fr\/\",\"logo\":{\"@type\":\"ImageObject\",\"inLanguage\":\"fr-FR\",\"@id\":\"https:\/\/mocosociety.com\/fr\/#\/schema\/logo\/image\/\",\"url\":\"https:\/\/mocosociety.com\/wp-content\/uploads\/2021\/06\/logo-moco.png\",\"contentUrl\":\"https:\/\/mocosociety.com\/wp-content\/uploads\/2021\/06\/logo-moco.png\",\"width\":306,\"height\":70,\"caption\":\"MOCO\"},\"image\":{\"@id\":\"https:\/\/mocosociety.com\/fr\/#\/schema\/logo\/image\/\"}}]}<\/script>\n<!-- \/ Yoast SEO plugin. -->","yoast_head_json":{"title":"JUST Classic &#8902; MOCO","robots":{"index":"index","follow":"follow","max-snippet":"max-snippet:-1","max-image-preview":"max-image-preview:large","max-video-preview":"max-video-preview:-1"},"canonical":"https:\/\/mocosociety.com\/fr\/p\/just-classic\/","og_locale":"fr_FR","og_type":"article","og_title":"JUST Classic &#8902; MOCO","og_description":"Choisissez vos jus bio favoris dans notre coffret JUST. JUST un ingr\u00e9dient et rien d'autre.","og_site_name":"MOCO","article_modified_time":"2021-11-10T18:31:42+00:00","og_image":[{"width":1277,"height":1277,"url":"https:\/\/mocosociety.com\/wp-content\/uploads\/2021\/09\/just_classic-SQUARE.png","type":"image\/png"}],"twitter_card":"summary_large_image","schema":{"@context":"https:\/\/schema.org","@graph":[{"@type":["WebPage","ItemPage"],"@id":"https:\/\/mocosociety.com\/fr\/p\/just-classic\/","url":"https:\/\/mocosociety.com\/fr\/p\/just-classic\/","name":"JUST Classic &#8902; MOCO","isPartOf":{"@id":"https:\/\/mocosociety.com\/fr\/#website"},"primaryImageOfPage":{"@id":"https:\/\/mocosociety.com\/fr\/p\/just-classic\/#primaryimage"},"image":{"@id":"https:\/\/mocosociety.com\/fr\/p\/just-classic\/#primaryimage"},"thumbnailUrl":"https:\/\/mocosociety.com\/wp-content\/uploads\/2021\/09\/just_classic-SQUARE.png","datePublished":"2021-08-24T08:01:41+00:00","dateModified":"2021-11-10T18:31:42+00:00","breadcrumb":{"@id":"https:\/\/mocosociety.com\/fr\/p\/just-classic\/#breadcrumb"},"inLanguage":"fr-FR","potentialAction":[{"@type":"ReadAction","target":["https:\/\/mocosociety.com\/fr\/p\/just-classic\/"]}]},{"@type":"ImageObject","inLanguage":"fr-FR","@id":"https:\/\/mocosociety.com\/fr\/p\/just-classic\/#primaryimage","url":"https:\/\/mocosociety.com\/wp-content\/uploads\/2021\/09\/just_classic-SQUARE.png","contentUrl":"https:\/\/mocosociety.com\/wp-content\/uploads\/2021\/09\/just_classic-SQUARE.png","width":1277,"height":1277,"caption":"just classic"},{"@type":"BreadcrumbList","@id":"https:\/\/mocosociety.com\/fr\/p\/just-classic\/#breadcrumb","itemListElement":[{"@type":"ListItem","position":1,"name":"Home","item":"https:\/\/mocosociety.com\/fr\/"},{"@type":"ListItem","position":2,"name":"Products","item":"https:\/\/mocosociety.com\/products\/"},{"@type":"ListItem","position":3,"name":"Packs","item":"https:\/\/mocosociety.com\/fr\/cat-produit\/coffrets\/"},{"@type":"ListItem","position":4,"name":"JUST Classic"}]},{"@type":"WebSite","@id":"https:\/\/mocosociety.com\/fr\/#website","url":"https:\/\/mocosociety.com\/fr\/","name":"MOCO","description":"Jus Bio Press\u00e9s \u00e0 froid","publisher":{"@id":"https:\/\/mocosociety.com\/fr\/#organization"},"potentialAction":[{"@type":"SearchAction","target":{"@type":"EntryPoint","urlTemplate":"https:\/\/mocosociety.com\/fr\/?s={search_term_string}"},"query-input":{"@type":"PropertyValueSpecification","valueRequired":true,"valueName":"search_term_string"}}],"inLanguage":"fr-FR"},{"@type":"Organization","@id":"https:\/\/mocosociety.com\/fr\/#organization","name":"MOCO","url":"https:\/\/mocosociety.com\/fr\/","logo":{"@type":"ImageObject","inLanguage":"fr-FR","@id":"https:\/\/mocosociety.com\/fr\/#\/schema\/logo\/image\/","url":"https:\/\/mocosociety.com\/wp-content\/uploads\/2021\/06\/logo-moco.png","contentUrl":"https:\/\/mocosociety.com\/wp-content\/uploads\/2021\/06\/logo-moco.png","width":306,"height":70,"caption":"MOCO"},"image":{"@id":"https:\/\/mocosociety.com\/fr\/#\/schema\/logo\/image\/"}}]}},"_links":{"self":[{"href":"https:\/\/mocosociety.com\/fr\/wp-json\/wp\/v2\/product\/18634","targetHints":{"allow":["GET"]}}],"collection":[{"href":"https:\/\/mocosociety.com\/fr\/wp-json\/wp\/v2\/product"}],"about":[{"href":"https:\/\/mocosociety.com\/fr\/wp-json\/wp\/v2\/types\/product"}],"wp:featuredmedia":[{"embeddable":true,"href":"https:\/\/mocosociety.com\/fr\/wp-json\/wp\/v2\/media\/20023"}],"wp:attachment":[{"href":"https:\/\/mocosociety.com\/fr\/wp-json\/wp\/v2\/media?parent=18634"}],"wp:term":[{"taxonomy":"product_brand","embeddable":true,"href":"https:\/\/mocosociety.com\/fr\/wp-json\/wp\/v2\/product_brand?post=18634"},{"taxonomy":"product_cat","embeddable":true,"href":"https:\/\/mocosociety.com\/fr\/wp-json\/wp\/v2\/product_cat?post=18634"},{"taxonomy":"product_tag","embeddable":true,"href":"https:\/\/mocosociety.com\/fr\/wp-json\/wp\/v2\/product_tag?post=18634"}],"curies":[{"name":"wp","href":"https:\/\/api.w.org\/{rel}","templated":true}]}}