{"id":18582,"date":"2021-07-30T16:15:13","date_gmt":"2021-08-23T18:46:43","guid":{"rendered":"https:\/\/mocosociety.com\/product\/cure-de-jus-advanced\/"},"modified":"2021-12-07T10:41:25","modified_gmt":"2021-12-07T09:41:25","slug":"cure-de-jus-advanced","status":"publish","type":"product","link":"https:\/\/mocosociety.com\/fr\/p\/cure-de-jus-advanced\/","title":{"rendered":"Cure de Jus Advanced"},"content":{"rendered":"<p>Notre cure de jus Advanced de 2 jours est la plus faible en calories et con\u00e7ue pour la perte de poids et la sant\u00e9 du cerveau, offrant la d\u00e9tox la plus profonde pour le corps et l&#8217;\u00e2me. Cette d\u00e9tox de 2 jours contient un m\u00e9lange de jus et de shots, ainsi qu&#8217;un <a href=\"https:\/\/drive.google.com\/file\/d\/1TrwbO2rFQyxYZBY2uuglf_bW8fm9AtYn\/view\" target=\"_blank\" rel=\"noopener\">guide detox<\/a> couvrant tous les \u00e9l\u00e9ments de base.<\/p>\n","protected":false},"excerpt":{"rendered":"<p>Notre cure de jus Advanced de 2 jours est la plus faible en calories et con\u00e7ue pour la perte de poids et la sant\u00e9 du cerveau.<\/p>\n","protected":false},"featured_media":22944,"template":"","meta":{"_acf_changed":false,"_et_pb_use_builder":"","_et_pb_old_content":"","_et_gb_content_width":""},"product_brand":[],"product_cat":[77],"product_tag":[80,79,86,81,67,113,105,69,101,70,116,83,104,117,68,112,102,115,103,85,82,65,114],"class_list":{"0":"post-18582","1":"product","2":"type-product","3":"status-publish","4":"has-post-thumbnail","6":"product_cat-cures-de-jus","7":"product_tag-aloe-vera-fr","8":"product_tag-ananas","9":"product_tag-basilic","10":"product_tag-betterave","11":"product_tag-carotte","12":"product_tag-celeri","13":"product_tag-chou-kale","14":"product_tag-citron","15":"product_tag-concombre","16":"product_tag-curcuma-fr","17":"product_tag-dattes-medjool","18":"product_tag-eau-de-coco","19":"product_tag-epinard","20":"product_tag-fraise","21":"product_tag-gingembre","22":"product_tag-lait-amande","23":"product_tag-laitue","24":"product_tag-matcha-fr","25":"product_tag-menthe","26":"product_tag-orange-fr","27":"product_tag-piment-de-cayenne","28":"product_tag-pomme","29":"product_tag-sel-himalaya","30":"product_shipping_class-livraison-frais","32":"first","33":"outofstock","34":"taxable","35":"shipping-taxable","36":"purchasable","37":"product-type-simple"},"acf":[],"yoast_head":"<!-- This site is optimized with the Yoast SEO plugin v25.5 - https:\/\/yoast.com\/wordpress\/plugins\/seo\/ -->\n<title>Cure de Jus Advanced &#8902; MOCO<\/title>\n<meta name=\"description\" content=\"Notre cure de jus Advanced de 2 jours est la plus faible en calories et con\u00e7ue pour la perte de poids et la sant\u00e9 du cerveau. Un guide detox couvrant tous les \u00e9l\u00e9ments de base est \u00e9galement inclus.\" \/>\n<meta name=\"robots\" content=\"index, follow, max-snippet:-1, max-image-preview:large, max-video-preview:-1\" \/>\n<link rel=\"canonical\" href=\"https:\/\/mocosociety.com\/fr\/p\/cure-de-jus-advanced\/\" \/>\n<meta property=\"og:locale\" content=\"fr_FR\" \/>\n<meta property=\"og:type\" content=\"article\" \/>\n<meta property=\"og:title\" content=\"Cure de Jus Advanced &#8902; MOCO\" \/>\n<meta property=\"og:description\" content=\"Notre cure de jus Advanced de 2 jours est la plus faible en calories et con\u00e7ue pour la perte de poids et la sant\u00e9 du cerveau. Un guide detox couvrant tous les \u00e9l\u00e9ments de base est \u00e9galement inclus.\" \/>\n<meta property=\"og:site_name\" content=\"MOCO\" \/>\n<meta property=\"article:modified_time\" content=\"2021-12-07T09:41:25+00:00\" \/>\n<meta property=\"og:image\" content=\"https:\/\/mocosociety.com\/wp-content\/uploads\/2021\/07\/Cleanse-advanced-square_2021.png\" \/>\n\t<meta property=\"og:image:width\" content=\"1277\" \/>\n\t<meta property=\"og:image:height\" content=\"1277\" \/>\n\t<meta property=\"og:image:type\" content=\"image\/png\" \/>\n<meta name=\"twitter:card\" content=\"summary_large_image\" \/>\n<meta name=\"twitter:label1\" content=\"Dur\u00e9e de lecture estim\u00e9e\" \/>\n\t<meta name=\"twitter:data1\" content=\"1 minute\" \/>\n<script type=\"application\/ld+json\" class=\"yoast-schema-graph\">{\"@context\":\"https:\/\/schema.org\",\"@graph\":[{\"@type\":[\"WebPage\",\"ItemPage\"],\"@id\":\"https:\/\/mocosociety.com\/fr\/p\/cure-de-jus-advanced\/\",\"url\":\"https:\/\/mocosociety.com\/fr\/p\/cure-de-jus-advanced\/\",\"name\":\"Cure de Jus Advanced &#8902; MOCO\",\"isPartOf\":{\"@id\":\"https:\/\/mocosociety.com\/fr\/#website\"},\"primaryImageOfPage\":{\"@id\":\"https:\/\/mocosociety.com\/fr\/p\/cure-de-jus-advanced\/#primaryimage\"},\"image\":{\"@id\":\"https:\/\/mocosociety.com\/fr\/p\/cure-de-jus-advanced\/#primaryimage\"},\"thumbnailUrl\":\"https:\/\/mocosociety.com\/wp-content\/uploads\/2021\/07\/Cleanse-advanced-square_2021.png\",\"datePublished\":\"2021-08-23T18:46:43+00:00\",\"dateModified\":\"2021-12-07T09:41:25+00:00\",\"description\":\"Notre cure de jus Advanced de 2 jours est la plus faible en calories et con\u00e7ue pour la perte de poids et la sant\u00e9 du cerveau. Un guide detox couvrant tous les \u00e9l\u00e9ments de base est \u00e9galement inclus.\",\"breadcrumb\":{\"@id\":\"https:\/\/mocosociety.com\/fr\/p\/cure-de-jus-advanced\/#breadcrumb\"},\"inLanguage\":\"fr-FR\",\"potentialAction\":[{\"@type\":\"ReadAction\",\"target\":[\"https:\/\/mocosociety.com\/fr\/p\/cure-de-jus-advanced\/\"]}]},{\"@type\":\"ImageObject\",\"inLanguage\":\"fr-FR\",\"@id\":\"https:\/\/mocosociety.com\/fr\/p\/cure-de-jus-advanced\/#primaryimage\",\"url\":\"https:\/\/mocosociety.com\/wp-content\/uploads\/2021\/07\/Cleanse-advanced-square_2021.png\",\"contentUrl\":\"https:\/\/mocosociety.com\/wp-content\/uploads\/2021\/07\/Cleanse-advanced-square_2021.png\",\"width\":1277,\"height\":1277,\"caption\":\"Cleanse Advanced 2021\"},{\"@type\":\"BreadcrumbList\",\"@id\":\"https:\/\/mocosociety.com\/fr\/p\/cure-de-jus-advanced\/#breadcrumb\",\"itemListElement\":[{\"@type\":\"ListItem\",\"position\":1,\"name\":\"Home\",\"item\":\"https:\/\/mocosociety.com\/fr\/\"},{\"@type\":\"ListItem\",\"position\":2,\"name\":\"Products\",\"item\":\"https:\/\/mocosociety.com\/products\/\"},{\"@type\":\"ListItem\",\"position\":3,\"name\":\"Cures de jus\",\"item\":\"https:\/\/mocosociety.com\/fr\/cat-produit\/cures-de-jus\/\"},{\"@type\":\"ListItem\",\"position\":4,\"name\":\"Cure de Jus Advanced\"}]},{\"@type\":\"WebSite\",\"@id\":\"https:\/\/mocosociety.com\/fr\/#website\",\"url\":\"https:\/\/mocosociety.com\/fr\/\",\"name\":\"MOCO\",\"description\":\"Jus Bio Press\u00e9s \u00e0 froid\",\"publisher\":{\"@id\":\"https:\/\/mocosociety.com\/fr\/#organization\"},\"potentialAction\":[{\"@type\":\"SearchAction\",\"target\":{\"@type\":\"EntryPoint\",\"urlTemplate\":\"https:\/\/mocosociety.com\/fr\/?s={search_term_string}\"},\"query-input\":{\"@type\":\"PropertyValueSpecification\",\"valueRequired\":true,\"valueName\":\"search_term_string\"}}],\"inLanguage\":\"fr-FR\"},{\"@type\":\"Organization\",\"@id\":\"https:\/\/mocosociety.com\/fr\/#organization\",\"name\":\"MOCO\",\"url\":\"https:\/\/mocosociety.com\/fr\/\",\"logo\":{\"@type\":\"ImageObject\",\"inLanguage\":\"fr-FR\",\"@id\":\"https:\/\/mocosociety.com\/fr\/#\/schema\/logo\/image\/\",\"url\":\"https:\/\/mocosociety.com\/wp-content\/uploads\/2021\/06\/logo-moco.png\",\"contentUrl\":\"https:\/\/mocosociety.com\/wp-content\/uploads\/2021\/06\/logo-moco.png\",\"width\":306,\"height\":70,\"caption\":\"MOCO\"},\"image\":{\"@id\":\"https:\/\/mocosociety.com\/fr\/#\/schema\/logo\/image\/\"}}]}<\/script>\n<!-- \/ Yoast SEO plugin. -->","yoast_head_json":{"title":"Cure de Jus Advanced &#8902; MOCO","description":"Notre cure de jus Advanced de 2 jours est la plus faible en calories et con\u00e7ue pour la perte de poids et la sant\u00e9 du cerveau. Un guide detox couvrant tous les \u00e9l\u00e9ments de base est \u00e9galement inclus.","robots":{"index":"index","follow":"follow","max-snippet":"max-snippet:-1","max-image-preview":"max-image-preview:large","max-video-preview":"max-video-preview:-1"},"canonical":"https:\/\/mocosociety.com\/fr\/p\/cure-de-jus-advanced\/","og_locale":"fr_FR","og_type":"article","og_title":"Cure de Jus Advanced &#8902; MOCO","og_description":"Notre cure de jus Advanced de 2 jours est la plus faible en calories et con\u00e7ue pour la perte de poids et la sant\u00e9 du cerveau. Un guide detox couvrant tous les \u00e9l\u00e9ments de base est \u00e9galement inclus.","og_site_name":"MOCO","article_modified_time":"2021-12-07T09:41:25+00:00","og_image":[{"width":1277,"height":1277,"url":"https:\/\/mocosociety.com\/wp-content\/uploads\/2021\/07\/Cleanse-advanced-square_2021.png","type":"image\/png"}],"twitter_card":"summary_large_image","twitter_misc":{"Dur\u00e9e de lecture estim\u00e9e":"1 minute"},"schema":{"@context":"https:\/\/schema.org","@graph":[{"@type":["WebPage","ItemPage"],"@id":"https:\/\/mocosociety.com\/fr\/p\/cure-de-jus-advanced\/","url":"https:\/\/mocosociety.com\/fr\/p\/cure-de-jus-advanced\/","name":"Cure de Jus Advanced &#8902; MOCO","isPartOf":{"@id":"https:\/\/mocosociety.com\/fr\/#website"},"primaryImageOfPage":{"@id":"https:\/\/mocosociety.com\/fr\/p\/cure-de-jus-advanced\/#primaryimage"},"image":{"@id":"https:\/\/mocosociety.com\/fr\/p\/cure-de-jus-advanced\/#primaryimage"},"thumbnailUrl":"https:\/\/mocosociety.com\/wp-content\/uploads\/2021\/07\/Cleanse-advanced-square_2021.png","datePublished":"2021-08-23T18:46:43+00:00","dateModified":"2021-12-07T09:41:25+00:00","description":"Notre cure de jus Advanced de 2 jours est la plus faible en calories et con\u00e7ue pour la perte de poids et la sant\u00e9 du cerveau. Un guide detox couvrant tous les \u00e9l\u00e9ments de base est \u00e9galement inclus.","breadcrumb":{"@id":"https:\/\/mocosociety.com\/fr\/p\/cure-de-jus-advanced\/#breadcrumb"},"inLanguage":"fr-FR","potentialAction":[{"@type":"ReadAction","target":["https:\/\/mocosociety.com\/fr\/p\/cure-de-jus-advanced\/"]}]},{"@type":"ImageObject","inLanguage":"fr-FR","@id":"https:\/\/mocosociety.com\/fr\/p\/cure-de-jus-advanced\/#primaryimage","url":"https:\/\/mocosociety.com\/wp-content\/uploads\/2021\/07\/Cleanse-advanced-square_2021.png","contentUrl":"https:\/\/mocosociety.com\/wp-content\/uploads\/2021\/07\/Cleanse-advanced-square_2021.png","width":1277,"height":1277,"caption":"Cleanse Advanced 2021"},{"@type":"BreadcrumbList","@id":"https:\/\/mocosociety.com\/fr\/p\/cure-de-jus-advanced\/#breadcrumb","itemListElement":[{"@type":"ListItem","position":1,"name":"Home","item":"https:\/\/mocosociety.com\/fr\/"},{"@type":"ListItem","position":2,"name":"Products","item":"https:\/\/mocosociety.com\/products\/"},{"@type":"ListItem","position":3,"name":"Cures de jus","item":"https:\/\/mocosociety.com\/fr\/cat-produit\/cures-de-jus\/"},{"@type":"ListItem","position":4,"name":"Cure de Jus Advanced"}]},{"@type":"WebSite","@id":"https:\/\/mocosociety.com\/fr\/#website","url":"https:\/\/mocosociety.com\/fr\/","name":"MOCO","description":"Jus Bio Press\u00e9s \u00e0 froid","publisher":{"@id":"https:\/\/mocosociety.com\/fr\/#organization"},"potentialAction":[{"@type":"SearchAction","target":{"@type":"EntryPoint","urlTemplate":"https:\/\/mocosociety.com\/fr\/?s={search_term_string}"},"query-input":{"@type":"PropertyValueSpecification","valueRequired":true,"valueName":"search_term_string"}}],"inLanguage":"fr-FR"},{"@type":"Organization","@id":"https:\/\/mocosociety.com\/fr\/#organization","name":"MOCO","url":"https:\/\/mocosociety.com\/fr\/","logo":{"@type":"ImageObject","inLanguage":"fr-FR","@id":"https:\/\/mocosociety.com\/fr\/#\/schema\/logo\/image\/","url":"https:\/\/mocosociety.com\/wp-content\/uploads\/2021\/06\/logo-moco.png","contentUrl":"https:\/\/mocosociety.com\/wp-content\/uploads\/2021\/06\/logo-moco.png","width":306,"height":70,"caption":"MOCO"},"image":{"@id":"https:\/\/mocosociety.com\/fr\/#\/schema\/logo\/image\/"}}]}},"_links":{"self":[{"href":"https:\/\/mocosociety.com\/fr\/wp-json\/wp\/v2\/product\/18582","targetHints":{"allow":["GET"]}}],"collection":[{"href":"https:\/\/mocosociety.com\/fr\/wp-json\/wp\/v2\/product"}],"about":[{"href":"https:\/\/mocosociety.com\/fr\/wp-json\/wp\/v2\/types\/product"}],"wp:featuredmedia":[{"embeddable":true,"href":"https:\/\/mocosociety.com\/fr\/wp-json\/wp\/v2\/media\/22944"}],"wp:attachment":[{"href":"https:\/\/mocosociety.com\/fr\/wp-json\/wp\/v2\/media?parent=18582"}],"wp:term":[{"taxonomy":"product_brand","embeddable":true,"href":"https:\/\/mocosociety.com\/fr\/wp-json\/wp\/v2\/product_brand?post=18582"},{"taxonomy":"product_cat","embeddable":true,"href":"https:\/\/mocosociety.com\/fr\/wp-json\/wp\/v2\/product_cat?post=18582"},{"taxonomy":"product_tag","embeddable":true,"href":"https:\/\/mocosociety.com\/fr\/wp-json\/wp\/v2\/product_tag?post=18582"}],"curies":[{"name":"wp","href":"https:\/\/api.w.org\/{rel}","templated":true}]}}