{"id":18552,"date":"2021-07-30T16:15:12","date_gmt":"2021-08-23T17:45:54","guid":{"rendered":"https:\/\/mocosociety.com\/product\/beginner\/"},"modified":"2021-12-07T09:14:46","modified_gmt":"2021-12-07T08:14:46","slug":"cure-de-jus-beginner","status":"publish","type":"product","link":"https:\/\/mocosociety.com\/fr\/p\/cure-de-jus-beginner\/","title":{"rendered":"Beginner"},"content":{"rendered":"<p>Vous n\u2019avez jamais essay\u00e9 une cure de jus ? Ce pack de deux jours est id\u00e9al pour les d\u00e9butants qui recherchent une boisson nutritive pour accompagner leur repas. Vous recevrez un mix de nos jus et shots les plus vendus, ainsi qu\u2019un <a href=\"https:\/\/drive.google.com\/file\/d\/1TrwbO2rFQyxYZBY2uuglf_bW8fm9AtYn\/view\" target=\"_blank\" rel=\"noopener\">guide de cure deto<\/a>x couvrant les bases pour vous aider \u00e0 d\u00e9marrer.<\/p>\n","protected":false},"excerpt":{"rendered":"<p>Vous n&#8217;avez jamais essay\u00e9 une cure de jus ? Ce pack de deux jours est id\u00e9al pour les d\u00e9butants qui recherchent une boisson nutritive pour accompagner leur repas. <\/p>\n","protected":false},"featured_media":22936,"template":"","meta":{"_acf_changed":false,"_et_pb_use_builder":"","_et_pb_old_content":"","_et_gb_content_width":""},"product_brand":[],"product_cat":[77,63],"product_tag":[80,79,86,81,67,113,105,69,101,70,116,83,104,117,68,112,102,115,103,85,82,65,114],"class_list":{"0":"post-18552","1":"product","2":"type-product","3":"status-publish","4":"has-post-thumbnail","6":"product_cat-cures-de-jus","7":"product_cat-bestsellers-fr","8":"product_tag-aloe-vera-fr","9":"product_tag-ananas","10":"product_tag-basilic","11":"product_tag-betterave","12":"product_tag-carotte","13":"product_tag-celeri","14":"product_tag-chou-kale","15":"product_tag-citron","16":"product_tag-concombre","17":"product_tag-curcuma-fr","18":"product_tag-dattes-medjool","19":"product_tag-eau-de-coco","20":"product_tag-epinard","21":"product_tag-fraise","22":"product_tag-gingembre","23":"product_tag-lait-amande","24":"product_tag-laitue","25":"product_tag-matcha-fr","26":"product_tag-menthe","27":"product_tag-orange-fr","28":"product_tag-piment-de-cayenne","29":"product_tag-pomme","30":"product_tag-sel-himalaya","31":"product_shipping_class-livraison-frais","33":"first","34":"outofstock","35":"taxable","36":"shipping-taxable","37":"purchasable","38":"product-type-simple"},"acf":[],"yoast_head":"<!-- This site is optimized with the Yoast SEO plugin v25.5 - https:\/\/yoast.com\/wordpress\/plugins\/seo\/ -->\n<title>Cure de jus Beginner &#8902; MOCO<\/title>\n<meta name=\"description\" content=\"Vous n&#039;avez jamais essay\u00e9 une cure de jus ? Ce pack de deux jours est id\u00e9al pour les d\u00e9butants qui recherchent une boisson nutritive pour accompagner leur repas.\" \/>\n<meta name=\"robots\" content=\"index, follow, max-snippet:-1, max-image-preview:large, max-video-preview:-1\" \/>\n<link rel=\"canonical\" href=\"https:\/\/mocosociety.com\/fr\/p\/cure-de-jus-beginner\/\" \/>\n<meta property=\"og:locale\" content=\"fr_FR\" \/>\n<meta property=\"og:type\" content=\"article\" \/>\n<meta property=\"og:title\" content=\"Cure de jus Beginner &#8902; MOCO\" \/>\n<meta property=\"og:description\" content=\"Vous n&#039;avez jamais essay\u00e9 une cure de jus ? Ce pack de deux jours est id\u00e9al pour les d\u00e9butants qui recherchent une boisson nutritive pour accompagner leur repas.\" \/>\n<meta property=\"og:site_name\" content=\"MOCO\" \/>\n<meta property=\"article:modified_time\" content=\"2021-12-07T08:14:46+00:00\" \/>\n<meta property=\"og:image\" content=\"https:\/\/mocosociety.com\/wp-content\/uploads\/2021\/12\/cleanse-beginnersquare_2021.png\" \/>\n\t<meta property=\"og:image:width\" content=\"1277\" \/>\n\t<meta property=\"og:image:height\" content=\"1277\" \/>\n\t<meta property=\"og:image:type\" content=\"image\/png\" \/>\n<meta name=\"twitter:card\" content=\"summary_large_image\" \/>\n<script type=\"application\/ld+json\" class=\"yoast-schema-graph\">{\"@context\":\"https:\/\/schema.org\",\"@graph\":[{\"@type\":[\"WebPage\",\"ItemPage\"],\"@id\":\"https:\/\/mocosociety.com\/fr\/p\/cure-de-jus-beginner\/\",\"url\":\"https:\/\/mocosociety.com\/fr\/p\/cure-de-jus-beginner\/\",\"name\":\"Cure de jus Beginner &#8902; MOCO\",\"isPartOf\":{\"@id\":\"https:\/\/mocosociety.com\/fr\/#website\"},\"primaryImageOfPage\":{\"@id\":\"https:\/\/mocosociety.com\/fr\/p\/cure-de-jus-beginner\/#primaryimage\"},\"image\":{\"@id\":\"https:\/\/mocosociety.com\/fr\/p\/cure-de-jus-beginner\/#primaryimage\"},\"thumbnailUrl\":\"https:\/\/mocosociety.com\/wp-content\/uploads\/2021\/12\/cleanse-beginnersquare_2021.png\",\"datePublished\":\"2021-08-23T17:45:54+00:00\",\"dateModified\":\"2021-12-07T08:14:46+00:00\",\"description\":\"Vous n'avez jamais essay\u00e9 une cure de jus ? Ce pack de deux jours est id\u00e9al pour les d\u00e9butants qui recherchent une boisson nutritive pour accompagner leur repas.\",\"breadcrumb\":{\"@id\":\"https:\/\/mocosociety.com\/fr\/p\/cure-de-jus-beginner\/#breadcrumb\"},\"inLanguage\":\"fr-FR\",\"potentialAction\":[{\"@type\":\"ReadAction\",\"target\":[\"https:\/\/mocosociety.com\/fr\/p\/cure-de-jus-beginner\/\"]}]},{\"@type\":\"ImageObject\",\"inLanguage\":\"fr-FR\",\"@id\":\"https:\/\/mocosociety.com\/fr\/p\/cure-de-jus-beginner\/#primaryimage\",\"url\":\"https:\/\/mocosociety.com\/wp-content\/uploads\/2021\/12\/cleanse-beginnersquare_2021.png\",\"contentUrl\":\"https:\/\/mocosociety.com\/wp-content\/uploads\/2021\/12\/cleanse-beginnersquare_2021.png\",\"width\":1277,\"height\":1277,\"caption\":\"Cleanse beginner 2021\"},{\"@type\":\"BreadcrumbList\",\"@id\":\"https:\/\/mocosociety.com\/fr\/p\/cure-de-jus-beginner\/#breadcrumb\",\"itemListElement\":[{\"@type\":\"ListItem\",\"position\":1,\"name\":\"Home\",\"item\":\"https:\/\/mocosociety.com\/fr\/\"},{\"@type\":\"ListItem\",\"position\":2,\"name\":\"Products\",\"item\":\"https:\/\/mocosociety.com\/products\/\"},{\"@type\":\"ListItem\",\"position\":3,\"name\":\"Cures de jus\",\"item\":\"https:\/\/mocosociety.com\/fr\/cat-produit\/cures-de-jus\/\"},{\"@type\":\"ListItem\",\"position\":4,\"name\":\"Beginner\"}]},{\"@type\":\"WebSite\",\"@id\":\"https:\/\/mocosociety.com\/fr\/#website\",\"url\":\"https:\/\/mocosociety.com\/fr\/\",\"name\":\"MOCO\",\"description\":\"Jus Bio Press\u00e9s \u00e0 froid\",\"publisher\":{\"@id\":\"https:\/\/mocosociety.com\/fr\/#organization\"},\"potentialAction\":[{\"@type\":\"SearchAction\",\"target\":{\"@type\":\"EntryPoint\",\"urlTemplate\":\"https:\/\/mocosociety.com\/fr\/?s={search_term_string}\"},\"query-input\":{\"@type\":\"PropertyValueSpecification\",\"valueRequired\":true,\"valueName\":\"search_term_string\"}}],\"inLanguage\":\"fr-FR\"},{\"@type\":\"Organization\",\"@id\":\"https:\/\/mocosociety.com\/fr\/#organization\",\"name\":\"MOCO\",\"url\":\"https:\/\/mocosociety.com\/fr\/\",\"logo\":{\"@type\":\"ImageObject\",\"inLanguage\":\"fr-FR\",\"@id\":\"https:\/\/mocosociety.com\/fr\/#\/schema\/logo\/image\/\",\"url\":\"https:\/\/mocosociety.com\/wp-content\/uploads\/2021\/06\/logo-moco.png\",\"contentUrl\":\"https:\/\/mocosociety.com\/wp-content\/uploads\/2021\/06\/logo-moco.png\",\"width\":306,\"height\":70,\"caption\":\"MOCO\"},\"image\":{\"@id\":\"https:\/\/mocosociety.com\/fr\/#\/schema\/logo\/image\/\"}}]}<\/script>\n<!-- \/ Yoast SEO plugin. -->","yoast_head_json":{"title":"Cure de jus Beginner &#8902; MOCO","description":"Vous n'avez jamais essay\u00e9 une cure de jus ? Ce pack de deux jours est id\u00e9al pour les d\u00e9butants qui recherchent une boisson nutritive pour accompagner leur repas.","robots":{"index":"index","follow":"follow","max-snippet":"max-snippet:-1","max-image-preview":"max-image-preview:large","max-video-preview":"max-video-preview:-1"},"canonical":"https:\/\/mocosociety.com\/fr\/p\/cure-de-jus-beginner\/","og_locale":"fr_FR","og_type":"article","og_title":"Cure de jus Beginner &#8902; MOCO","og_description":"Vous n'avez jamais essay\u00e9 une cure de jus ? Ce pack de deux jours est id\u00e9al pour les d\u00e9butants qui recherchent une boisson nutritive pour accompagner leur repas.","og_site_name":"MOCO","article_modified_time":"2021-12-07T08:14:46+00:00","og_image":[{"width":1277,"height":1277,"url":"https:\/\/mocosociety.com\/wp-content\/uploads\/2021\/12\/cleanse-beginnersquare_2021.png","type":"image\/png"}],"twitter_card":"summary_large_image","schema":{"@context":"https:\/\/schema.org","@graph":[{"@type":["WebPage","ItemPage"],"@id":"https:\/\/mocosociety.com\/fr\/p\/cure-de-jus-beginner\/","url":"https:\/\/mocosociety.com\/fr\/p\/cure-de-jus-beginner\/","name":"Cure de jus Beginner &#8902; MOCO","isPartOf":{"@id":"https:\/\/mocosociety.com\/fr\/#website"},"primaryImageOfPage":{"@id":"https:\/\/mocosociety.com\/fr\/p\/cure-de-jus-beginner\/#primaryimage"},"image":{"@id":"https:\/\/mocosociety.com\/fr\/p\/cure-de-jus-beginner\/#primaryimage"},"thumbnailUrl":"https:\/\/mocosociety.com\/wp-content\/uploads\/2021\/12\/cleanse-beginnersquare_2021.png","datePublished":"2021-08-23T17:45:54+00:00","dateModified":"2021-12-07T08:14:46+00:00","description":"Vous n'avez jamais essay\u00e9 une cure de jus ? Ce pack de deux jours est id\u00e9al pour les d\u00e9butants qui recherchent une boisson nutritive pour accompagner leur repas.","breadcrumb":{"@id":"https:\/\/mocosociety.com\/fr\/p\/cure-de-jus-beginner\/#breadcrumb"},"inLanguage":"fr-FR","potentialAction":[{"@type":"ReadAction","target":["https:\/\/mocosociety.com\/fr\/p\/cure-de-jus-beginner\/"]}]},{"@type":"ImageObject","inLanguage":"fr-FR","@id":"https:\/\/mocosociety.com\/fr\/p\/cure-de-jus-beginner\/#primaryimage","url":"https:\/\/mocosociety.com\/wp-content\/uploads\/2021\/12\/cleanse-beginnersquare_2021.png","contentUrl":"https:\/\/mocosociety.com\/wp-content\/uploads\/2021\/12\/cleanse-beginnersquare_2021.png","width":1277,"height":1277,"caption":"Cleanse beginner 2021"},{"@type":"BreadcrumbList","@id":"https:\/\/mocosociety.com\/fr\/p\/cure-de-jus-beginner\/#breadcrumb","itemListElement":[{"@type":"ListItem","position":1,"name":"Home","item":"https:\/\/mocosociety.com\/fr\/"},{"@type":"ListItem","position":2,"name":"Products","item":"https:\/\/mocosociety.com\/products\/"},{"@type":"ListItem","position":3,"name":"Cures de jus","item":"https:\/\/mocosociety.com\/fr\/cat-produit\/cures-de-jus\/"},{"@type":"ListItem","position":4,"name":"Beginner"}]},{"@type":"WebSite","@id":"https:\/\/mocosociety.com\/fr\/#website","url":"https:\/\/mocosociety.com\/fr\/","name":"MOCO","description":"Jus Bio Press\u00e9s \u00e0 froid","publisher":{"@id":"https:\/\/mocosociety.com\/fr\/#organization"},"potentialAction":[{"@type":"SearchAction","target":{"@type":"EntryPoint","urlTemplate":"https:\/\/mocosociety.com\/fr\/?s={search_term_string}"},"query-input":{"@type":"PropertyValueSpecification","valueRequired":true,"valueName":"search_term_string"}}],"inLanguage":"fr-FR"},{"@type":"Organization","@id":"https:\/\/mocosociety.com\/fr\/#organization","name":"MOCO","url":"https:\/\/mocosociety.com\/fr\/","logo":{"@type":"ImageObject","inLanguage":"fr-FR","@id":"https:\/\/mocosociety.com\/fr\/#\/schema\/logo\/image\/","url":"https:\/\/mocosociety.com\/wp-content\/uploads\/2021\/06\/logo-moco.png","contentUrl":"https:\/\/mocosociety.com\/wp-content\/uploads\/2021\/06\/logo-moco.png","width":306,"height":70,"caption":"MOCO"},"image":{"@id":"https:\/\/mocosociety.com\/fr\/#\/schema\/logo\/image\/"}}]}},"_links":{"self":[{"href":"https:\/\/mocosociety.com\/fr\/wp-json\/wp\/v2\/product\/18552","targetHints":{"allow":["GET"]}}],"collection":[{"href":"https:\/\/mocosociety.com\/fr\/wp-json\/wp\/v2\/product"}],"about":[{"href":"https:\/\/mocosociety.com\/fr\/wp-json\/wp\/v2\/types\/product"}],"wp:featuredmedia":[{"embeddable":true,"href":"https:\/\/mocosociety.com\/fr\/wp-json\/wp\/v2\/media\/22936"}],"wp:attachment":[{"href":"https:\/\/mocosociety.com\/fr\/wp-json\/wp\/v2\/media?parent=18552"}],"wp:term":[{"taxonomy":"product_brand","embeddable":true,"href":"https:\/\/mocosociety.com\/fr\/wp-json\/wp\/v2\/product_brand?post=18552"},{"taxonomy":"product_cat","embeddable":true,"href":"https:\/\/mocosociety.com\/fr\/wp-json\/wp\/v2\/product_cat?post=18552"},{"taxonomy":"product_tag","embeddable":true,"href":"https:\/\/mocosociety.com\/fr\/wp-json\/wp\/v2\/product_tag?post=18552"}],"curies":[{"name":"wp","href":"https:\/\/api.w.org\/{rel}","templated":true}]}}