{"id":18395,"date":"2021-07-30T16:15:11","date_gmt":"2021-08-16T08:05:41","guid":{"rendered":"https:\/\/mocosociety.com\/product\/matcha-mlk\/"},"modified":"2021-11-19T20:01:44","modified_gmt":"2021-11-19T19:01:44","slug":"matcha-milk","status":"publish","type":"product","link":"https:\/\/mocosociety.com\/fr\/p\/matcha-milk\/","title":{"rendered":"Matcha M!lk"},"content":{"rendered":"<ul>\n<li>Ne contient pas de cholest\u00e9rol<\/li>\n<li>Prot\u00e8ge le coeur<\/li>\n<li>Stabilise la glyc\u00e9mie et r\u00e9duit l\u2019envie de sucre<\/li>\n<li>Facilite l\u2019\u00e9limination des graisses<\/li>\n<li>Le Matcha vous d\u00e9tend et stimule simultan\u00e9ment<\/li>\n<\/ul>\n","protected":false},"excerpt":{"rendered":"<p>Un lait vegan enrichi au Matcha qui r\u00e9duit les envies de sucre,\u00a0 vous stimule et vous d\u00e9tend \u00e0 la fois.<\/p>\n","protected":false},"featured_media":17125,"template":"","meta":{"_acf_changed":false,"_et_pb_use_builder":"","_et_pb_old_content":"","_et_gb_content_width":""},"product_brand":[],"product_cat":[64],"product_tag":[116,112,115,114],"class_list":{"0":"post-18395","1":"product","2":"type-product","3":"status-publish","4":"has-post-thumbnail","6":"product_cat-jus","7":"product_tag-dattes-medjool","8":"product_tag-lait-amande","9":"product_tag-matcha-fr","10":"product_tag-sel-himalaya","12":"first","13":"outofstock","14":"taxable","15":"shipping-taxable","16":"purchasable","17":"product-type-variable","18":"has-default-attributes"},"acf":[],"yoast_head":"<!-- This site is optimized with the Yoast SEO plugin v25.5 - https:\/\/yoast.com\/wordpress\/plugins\/seo\/ -->\n<title>Matcha M!lk (lait Matcha bio) &#8902; MOCO<\/title>\n<meta name=\"description\" content=\"Le lait d&#039;amande r\u00e9duit les envies de sucre, ne contient pas de cholest\u00e9rol et est plus nutritif que le lait de vache. Le Matcha vous stimulera et vous d\u00e9tendra simultan\u00e9ment !\" \/>\n<meta name=\"robots\" content=\"index, follow, max-snippet:-1, max-image-preview:large, max-video-preview:-1\" \/>\n<link rel=\"canonical\" href=\"https:\/\/mocosociety.com\/fr\/p\/matcha-milk\/\" \/>\n<meta property=\"og:locale\" content=\"fr_FR\" \/>\n<meta property=\"og:type\" content=\"article\" \/>\n<meta property=\"og:title\" content=\"Matcha M!lk (lait Matcha bio) &#8902; MOCO\" \/>\n<meta property=\"og:description\" content=\"Le lait d&#039;amande r\u00e9duit les envies de sucre, ne contient pas de cholest\u00e9rol et est plus nutritif que le lait de vache. Le Matcha vous stimulera et vous d\u00e9tendra simultan\u00e9ment !\" \/>\n<meta property=\"og:site_name\" content=\"MOCO\" \/>\n<meta property=\"article:modified_time\" content=\"2021-11-19T19:01:44+00:00\" \/>\n<meta property=\"og:image\" content=\"https:\/\/mocosociety.com\/wp-content\/uploads\/2021\/07\/matcha2.png\" \/>\n\t<meta property=\"og:image:width\" content=\"1100\" \/>\n\t<meta property=\"og:image:height\" content=\"1100\" \/>\n\t<meta property=\"og:image:type\" content=\"image\/png\" \/>\n<meta name=\"twitter:card\" content=\"summary_large_image\" \/>\n<meta name=\"twitter:label1\" content=\"Dur\u00e9e de lecture estim\u00e9e\" \/>\n\t<meta name=\"twitter:data1\" content=\"1 minute\" \/>\n<script type=\"application\/ld+json\" class=\"yoast-schema-graph\">{\"@context\":\"https:\/\/schema.org\",\"@graph\":[{\"@type\":[\"WebPage\",\"ItemPage\"],\"@id\":\"https:\/\/mocosociety.com\/fr\/p\/matcha-milk\/\",\"url\":\"https:\/\/mocosociety.com\/fr\/p\/matcha-milk\/\",\"name\":\"Matcha M!lk (lait Matcha bio) &#8902; MOCO\",\"isPartOf\":{\"@id\":\"https:\/\/mocosociety.com\/fr\/#website\"},\"primaryImageOfPage\":{\"@id\":\"https:\/\/mocosociety.com\/fr\/p\/matcha-milk\/#primaryimage\"},\"image\":{\"@id\":\"https:\/\/mocosociety.com\/fr\/p\/matcha-milk\/#primaryimage\"},\"thumbnailUrl\":\"https:\/\/mocosociety.com\/wp-content\/uploads\/2021\/07\/matcha2.png\",\"datePublished\":\"2021-08-16T08:05:41+00:00\",\"dateModified\":\"2021-11-19T19:01:44+00:00\",\"description\":\"Le lait d'amande r\u00e9duit les envies de sucre, ne contient pas de cholest\u00e9rol et est plus nutritif que le lait de vache. Le Matcha vous stimulera et vous d\u00e9tendra simultan\u00e9ment !\",\"breadcrumb\":{\"@id\":\"https:\/\/mocosociety.com\/fr\/p\/matcha-milk\/#breadcrumb\"},\"inLanguage\":\"fr-FR\",\"potentialAction\":[{\"@type\":\"ReadAction\",\"target\":[\"https:\/\/mocosociety.com\/fr\/p\/matcha-milk\/\"]}]},{\"@type\":\"ImageObject\",\"inLanguage\":\"fr-FR\",\"@id\":\"https:\/\/mocosociety.com\/fr\/p\/matcha-milk\/#primaryimage\",\"url\":\"https:\/\/mocosociety.com\/wp-content\/uploads\/2021\/07\/matcha2.png\",\"contentUrl\":\"https:\/\/mocosociety.com\/wp-content\/uploads\/2021\/07\/matcha2.png\",\"width\":1100,\"height\":1100},{\"@type\":\"BreadcrumbList\",\"@id\":\"https:\/\/mocosociety.com\/fr\/p\/matcha-milk\/#breadcrumb\",\"itemListElement\":[{\"@type\":\"ListItem\",\"position\":1,\"name\":\"Home\",\"item\":\"https:\/\/mocosociety.com\/fr\/\"},{\"@type\":\"ListItem\",\"position\":2,\"name\":\"Products\",\"item\":\"https:\/\/mocosociety.com\/products\/\"},{\"@type\":\"ListItem\",\"position\":3,\"name\":\"Jus\",\"item\":\"https:\/\/mocosociety.com\/fr\/cat-produit\/jus\/\"},{\"@type\":\"ListItem\",\"position\":4,\"name\":\"Matcha M!lk\"}]},{\"@type\":\"WebSite\",\"@id\":\"https:\/\/mocosociety.com\/fr\/#website\",\"url\":\"https:\/\/mocosociety.com\/fr\/\",\"name\":\"MOCO\",\"description\":\"Jus Bio Press\u00e9s \u00e0 froid\",\"publisher\":{\"@id\":\"https:\/\/mocosociety.com\/fr\/#organization\"},\"potentialAction\":[{\"@type\":\"SearchAction\",\"target\":{\"@type\":\"EntryPoint\",\"urlTemplate\":\"https:\/\/mocosociety.com\/fr\/?s={search_term_string}\"},\"query-input\":{\"@type\":\"PropertyValueSpecification\",\"valueRequired\":true,\"valueName\":\"search_term_string\"}}],\"inLanguage\":\"fr-FR\"},{\"@type\":\"Organization\",\"@id\":\"https:\/\/mocosociety.com\/fr\/#organization\",\"name\":\"MOCO\",\"url\":\"https:\/\/mocosociety.com\/fr\/\",\"logo\":{\"@type\":\"ImageObject\",\"inLanguage\":\"fr-FR\",\"@id\":\"https:\/\/mocosociety.com\/fr\/#\/schema\/logo\/image\/\",\"url\":\"https:\/\/mocosociety.com\/wp-content\/uploads\/2021\/06\/logo-moco.png\",\"contentUrl\":\"https:\/\/mocosociety.com\/wp-content\/uploads\/2021\/06\/logo-moco.png\",\"width\":306,\"height\":70,\"caption\":\"MOCO\"},\"image\":{\"@id\":\"https:\/\/mocosociety.com\/fr\/#\/schema\/logo\/image\/\"}}]}<\/script>\n<!-- \/ Yoast SEO plugin. -->","yoast_head_json":{"title":"Matcha M!lk (lait Matcha bio) &#8902; MOCO","description":"Le lait d'amande r\u00e9duit les envies de sucre, ne contient pas de cholest\u00e9rol et est plus nutritif que le lait de vache. Le Matcha vous stimulera et vous d\u00e9tendra simultan\u00e9ment !","robots":{"index":"index","follow":"follow","max-snippet":"max-snippet:-1","max-image-preview":"max-image-preview:large","max-video-preview":"max-video-preview:-1"},"canonical":"https:\/\/mocosociety.com\/fr\/p\/matcha-milk\/","og_locale":"fr_FR","og_type":"article","og_title":"Matcha M!lk (lait Matcha bio) &#8902; MOCO","og_description":"Le lait d'amande r\u00e9duit les envies de sucre, ne contient pas de cholest\u00e9rol et est plus nutritif que le lait de vache. Le Matcha vous stimulera et vous d\u00e9tendra simultan\u00e9ment !","og_site_name":"MOCO","article_modified_time":"2021-11-19T19:01:44+00:00","og_image":[{"width":1100,"height":1100,"url":"https:\/\/mocosociety.com\/wp-content\/uploads\/2021\/07\/matcha2.png","type":"image\/png"}],"twitter_card":"summary_large_image","twitter_misc":{"Dur\u00e9e de lecture estim\u00e9e":"1 minute"},"schema":{"@context":"https:\/\/schema.org","@graph":[{"@type":["WebPage","ItemPage"],"@id":"https:\/\/mocosociety.com\/fr\/p\/matcha-milk\/","url":"https:\/\/mocosociety.com\/fr\/p\/matcha-milk\/","name":"Matcha M!lk (lait Matcha bio) &#8902; MOCO","isPartOf":{"@id":"https:\/\/mocosociety.com\/fr\/#website"},"primaryImageOfPage":{"@id":"https:\/\/mocosociety.com\/fr\/p\/matcha-milk\/#primaryimage"},"image":{"@id":"https:\/\/mocosociety.com\/fr\/p\/matcha-milk\/#primaryimage"},"thumbnailUrl":"https:\/\/mocosociety.com\/wp-content\/uploads\/2021\/07\/matcha2.png","datePublished":"2021-08-16T08:05:41+00:00","dateModified":"2021-11-19T19:01:44+00:00","description":"Le lait d'amande r\u00e9duit les envies de sucre, ne contient pas de cholest\u00e9rol et est plus nutritif que le lait de vache. Le Matcha vous stimulera et vous d\u00e9tendra simultan\u00e9ment !","breadcrumb":{"@id":"https:\/\/mocosociety.com\/fr\/p\/matcha-milk\/#breadcrumb"},"inLanguage":"fr-FR","potentialAction":[{"@type":"ReadAction","target":["https:\/\/mocosociety.com\/fr\/p\/matcha-milk\/"]}]},{"@type":"ImageObject","inLanguage":"fr-FR","@id":"https:\/\/mocosociety.com\/fr\/p\/matcha-milk\/#primaryimage","url":"https:\/\/mocosociety.com\/wp-content\/uploads\/2021\/07\/matcha2.png","contentUrl":"https:\/\/mocosociety.com\/wp-content\/uploads\/2021\/07\/matcha2.png","width":1100,"height":1100},{"@type":"BreadcrumbList","@id":"https:\/\/mocosociety.com\/fr\/p\/matcha-milk\/#breadcrumb","itemListElement":[{"@type":"ListItem","position":1,"name":"Home","item":"https:\/\/mocosociety.com\/fr\/"},{"@type":"ListItem","position":2,"name":"Products","item":"https:\/\/mocosociety.com\/products\/"},{"@type":"ListItem","position":3,"name":"Jus","item":"https:\/\/mocosociety.com\/fr\/cat-produit\/jus\/"},{"@type":"ListItem","position":4,"name":"Matcha M!lk"}]},{"@type":"WebSite","@id":"https:\/\/mocosociety.com\/fr\/#website","url":"https:\/\/mocosociety.com\/fr\/","name":"MOCO","description":"Jus Bio Press\u00e9s \u00e0 froid","publisher":{"@id":"https:\/\/mocosociety.com\/fr\/#organization"},"potentialAction":[{"@type":"SearchAction","target":{"@type":"EntryPoint","urlTemplate":"https:\/\/mocosociety.com\/fr\/?s={search_term_string}"},"query-input":{"@type":"PropertyValueSpecification","valueRequired":true,"valueName":"search_term_string"}}],"inLanguage":"fr-FR"},{"@type":"Organization","@id":"https:\/\/mocosociety.com\/fr\/#organization","name":"MOCO","url":"https:\/\/mocosociety.com\/fr\/","logo":{"@type":"ImageObject","inLanguage":"fr-FR","@id":"https:\/\/mocosociety.com\/fr\/#\/schema\/logo\/image\/","url":"https:\/\/mocosociety.com\/wp-content\/uploads\/2021\/06\/logo-moco.png","contentUrl":"https:\/\/mocosociety.com\/wp-content\/uploads\/2021\/06\/logo-moco.png","width":306,"height":70,"caption":"MOCO"},"image":{"@id":"https:\/\/mocosociety.com\/fr\/#\/schema\/logo\/image\/"}}]}},"_links":{"self":[{"href":"https:\/\/mocosociety.com\/fr\/wp-json\/wp\/v2\/product\/18395","targetHints":{"allow":["GET"]}}],"collection":[{"href":"https:\/\/mocosociety.com\/fr\/wp-json\/wp\/v2\/product"}],"about":[{"href":"https:\/\/mocosociety.com\/fr\/wp-json\/wp\/v2\/types\/product"}],"wp:featuredmedia":[{"embeddable":true,"href":"https:\/\/mocosociety.com\/fr\/wp-json\/wp\/v2\/media\/17125"}],"wp:attachment":[{"href":"https:\/\/mocosociety.com\/fr\/wp-json\/wp\/v2\/media?parent=18395"}],"wp:term":[{"taxonomy":"product_brand","embeddable":true,"href":"https:\/\/mocosociety.com\/fr\/wp-json\/wp\/v2\/product_brand?post=18395"},{"taxonomy":"product_cat","embeddable":true,"href":"https:\/\/mocosociety.com\/fr\/wp-json\/wp\/v2\/product_cat?post=18395"},{"taxonomy":"product_tag","embeddable":true,"href":"https:\/\/mocosociety.com\/fr\/wp-json\/wp\/v2\/product_tag?post=18395"}],"curies":[{"name":"wp","href":"https:\/\/api.w.org\/{rel}","templated":true}]}}