{"id":18389,"date":"2021-07-30T16:15:11","date_gmt":"2021-08-16T08:02:32","guid":{"rendered":"https:\/\/mocosociety.com\/product\/just-celery\/"},"modified":"2022-01-10T12:47:07","modified_gmt":"2022-01-10T11:47:07","slug":"just-celery","status":"publish","type":"product","link":"https:\/\/mocosociety.com\/fr\/p\/just-celery\/","title":{"rendered":"Just Celery"},"content":{"rendered":"<ul>\n<li>Sant\u00e9 intestinale et h\u00e9patique<\/li>\n<li>Revitalise la peau<\/li>\n<li>R\u00e9gule la glyc\u00e9mie<\/li>\n<li>Se boit de pr\u00e9f\u00e9rence \u00e0 jeun le matin, pour une detox optimale<\/li>\n<\/ul>\n","protected":false},"excerpt":{"rendered":"<p>Sant\u00e9 intestinale et h\u00e9patique. Favorise une peau saine.<\/p>\n","protected":false},"featured_media":17126,"template":"","meta":{"_acf_changed":false,"_et_pb_use_builder":"","_et_pb_old_content":"","_et_gb_content_width":""},"product_brand":[],"product_cat":[64,63],"product_tag":[113,69],"class_list":{"0":"post-18389","1":"product","2":"type-product","3":"status-publish","4":"has-post-thumbnail","6":"product_cat-jus","7":"product_cat-bestsellers-fr","8":"product_tag-celeri","9":"product_tag-citron","10":"product_shipping_class-livraison-frais","12":"first","13":"instock","14":"taxable","15":"shipping-taxable","16":"product-type-variable","17":"has-default-attributes"},"acf":[],"yoast_head":"<!-- This site is optimized with the Yoast SEO plugin v25.5 - https:\/\/yoast.com\/wordpress\/plugins\/seo\/ -->\n<title>Just Celery (pur jus de celeri bio press\u00e9 \u00e0 froid) &#8902; MOCO<\/title>\n<meta name=\"description\" content=\"Am\u00e9liore la sant\u00e9 des intestins et du foie et favorise une peau claire. Combat le brouillard c\u00e9r\u00e9bral. Le c\u00e9leri est alcalinisant et \u00e9quilibre la glyc\u00e9mie.\" \/>\n<meta name=\"robots\" content=\"index, follow, max-snippet:-1, max-image-preview:large, max-video-preview:-1\" \/>\n<link rel=\"canonical\" href=\"https:\/\/mocosociety.com\/fr\/p\/just-celery\/\" \/>\n<meta property=\"og:locale\" content=\"fr_FR\" \/>\n<meta property=\"og:type\" content=\"article\" \/>\n<meta property=\"og:title\" content=\"Just Celery (pur jus de celeri bio press\u00e9 \u00e0 froid) &#8902; MOCO\" \/>\n<meta property=\"og:description\" content=\"Am\u00e9liore la sant\u00e9 des intestins et du foie et favorise une peau claire. Combat le brouillard c\u00e9r\u00e9bral. Le c\u00e9leri est alcalinisant et \u00e9quilibre la glyc\u00e9mie.\" \/>\n<meta property=\"og:site_name\" content=\"MOCO\" \/>\n<meta property=\"article:modified_time\" content=\"2022-01-10T11:47:07+00:00\" \/>\n<meta property=\"og:image\" content=\"https:\/\/mocosociety.com\/wp-content\/uploads\/2021\/07\/Just-Celery-min.png\" \/>\n\t<meta property=\"og:image:width\" content=\"1100\" \/>\n\t<meta property=\"og:image:height\" content=\"1100\" \/>\n\t<meta property=\"og:image:type\" content=\"image\/png\" \/>\n<meta name=\"twitter:card\" content=\"summary_large_image\" \/>\n<meta name=\"twitter:label1\" content=\"Dur\u00e9e de lecture estim\u00e9e\" \/>\n\t<meta name=\"twitter:data1\" content=\"1 minute\" \/>\n<script type=\"application\/ld+json\" class=\"yoast-schema-graph\">{\"@context\":\"https:\/\/schema.org\",\"@graph\":[{\"@type\":[\"WebPage\",\"ItemPage\"],\"@id\":\"https:\/\/mocosociety.com\/fr\/p\/just-celery\/\",\"url\":\"https:\/\/mocosociety.com\/fr\/p\/just-celery\/\",\"name\":\"Just Celery (pur jus de celeri bio press\u00e9 \u00e0 froid) &#8902; MOCO\",\"isPartOf\":{\"@id\":\"https:\/\/mocosociety.com\/fr\/#website\"},\"primaryImageOfPage\":{\"@id\":\"https:\/\/mocosociety.com\/fr\/p\/just-celery\/#primaryimage\"},\"image\":{\"@id\":\"https:\/\/mocosociety.com\/fr\/p\/just-celery\/#primaryimage\"},\"thumbnailUrl\":\"https:\/\/mocosociety.com\/wp-content\/uploads\/2021\/07\/Just-Celery-min.png\",\"datePublished\":\"2021-08-16T08:02:32+00:00\",\"dateModified\":\"2022-01-10T11:47:07+00:00\",\"description\":\"Am\u00e9liore la sant\u00e9 des intestins et du foie et favorise une peau claire. Combat le brouillard c\u00e9r\u00e9bral. Le c\u00e9leri est alcalinisant et \u00e9quilibre la glyc\u00e9mie.\",\"breadcrumb\":{\"@id\":\"https:\/\/mocosociety.com\/fr\/p\/just-celery\/#breadcrumb\"},\"inLanguage\":\"fr-FR\",\"potentialAction\":[{\"@type\":\"ReadAction\",\"target\":[\"https:\/\/mocosociety.com\/fr\/p\/just-celery\/\"]}]},{\"@type\":\"ImageObject\",\"inLanguage\":\"fr-FR\",\"@id\":\"https:\/\/mocosociety.com\/fr\/p\/just-celery\/#primaryimage\",\"url\":\"https:\/\/mocosociety.com\/wp-content\/uploads\/2021\/07\/Just-Celery-min.png\",\"contentUrl\":\"https:\/\/mocosociety.com\/wp-content\/uploads\/2021\/07\/Just-Celery-min.png\",\"width\":1100,\"height\":1100},{\"@type\":\"BreadcrumbList\",\"@id\":\"https:\/\/mocosociety.com\/fr\/p\/just-celery\/#breadcrumb\",\"itemListElement\":[{\"@type\":\"ListItem\",\"position\":1,\"name\":\"Home\",\"item\":\"https:\/\/mocosociety.com\/fr\/\"},{\"@type\":\"ListItem\",\"position\":2,\"name\":\"Products\",\"item\":\"https:\/\/mocosociety.com\/products\/\"},{\"@type\":\"ListItem\",\"position\":3,\"name\":\"Jus\",\"item\":\"https:\/\/mocosociety.com\/fr\/cat-produit\/jus\/\"},{\"@type\":\"ListItem\",\"position\":4,\"name\":\"Just Celery\"}]},{\"@type\":\"WebSite\",\"@id\":\"https:\/\/mocosociety.com\/fr\/#website\",\"url\":\"https:\/\/mocosociety.com\/fr\/\",\"name\":\"MOCO\",\"description\":\"Jus Bio Press\u00e9s \u00e0 froid\",\"publisher\":{\"@id\":\"https:\/\/mocosociety.com\/fr\/#organization\"},\"potentialAction\":[{\"@type\":\"SearchAction\",\"target\":{\"@type\":\"EntryPoint\",\"urlTemplate\":\"https:\/\/mocosociety.com\/fr\/?s={search_term_string}\"},\"query-input\":{\"@type\":\"PropertyValueSpecification\",\"valueRequired\":true,\"valueName\":\"search_term_string\"}}],\"inLanguage\":\"fr-FR\"},{\"@type\":\"Organization\",\"@id\":\"https:\/\/mocosociety.com\/fr\/#organization\",\"name\":\"MOCO\",\"url\":\"https:\/\/mocosociety.com\/fr\/\",\"logo\":{\"@type\":\"ImageObject\",\"inLanguage\":\"fr-FR\",\"@id\":\"https:\/\/mocosociety.com\/fr\/#\/schema\/logo\/image\/\",\"url\":\"https:\/\/mocosociety.com\/wp-content\/uploads\/2021\/06\/logo-moco.png\",\"contentUrl\":\"https:\/\/mocosociety.com\/wp-content\/uploads\/2021\/06\/logo-moco.png\",\"width\":306,\"height\":70,\"caption\":\"MOCO\"},\"image\":{\"@id\":\"https:\/\/mocosociety.com\/fr\/#\/schema\/logo\/image\/\"}}]}<\/script>\n<!-- \/ Yoast SEO plugin. -->","yoast_head_json":{"title":"Just Celery (pur jus de celeri bio press\u00e9 \u00e0 froid) &#8902; MOCO","description":"Am\u00e9liore la sant\u00e9 des intestins et du foie et favorise une peau claire. Combat le brouillard c\u00e9r\u00e9bral. Le c\u00e9leri est alcalinisant et \u00e9quilibre la glyc\u00e9mie.","robots":{"index":"index","follow":"follow","max-snippet":"max-snippet:-1","max-image-preview":"max-image-preview:large","max-video-preview":"max-video-preview:-1"},"canonical":"https:\/\/mocosociety.com\/fr\/p\/just-celery\/","og_locale":"fr_FR","og_type":"article","og_title":"Just Celery (pur jus de celeri bio press\u00e9 \u00e0 froid) &#8902; MOCO","og_description":"Am\u00e9liore la sant\u00e9 des intestins et du foie et favorise une peau claire. Combat le brouillard c\u00e9r\u00e9bral. Le c\u00e9leri est alcalinisant et \u00e9quilibre la glyc\u00e9mie.","og_site_name":"MOCO","article_modified_time":"2022-01-10T11:47:07+00:00","og_image":[{"width":1100,"height":1100,"url":"https:\/\/mocosociety.com\/wp-content\/uploads\/2021\/07\/Just-Celery-min.png","type":"image\/png"}],"twitter_card":"summary_large_image","twitter_misc":{"Dur\u00e9e de lecture estim\u00e9e":"1 minute"},"schema":{"@context":"https:\/\/schema.org","@graph":[{"@type":["WebPage","ItemPage"],"@id":"https:\/\/mocosociety.com\/fr\/p\/just-celery\/","url":"https:\/\/mocosociety.com\/fr\/p\/just-celery\/","name":"Just Celery (pur jus de celeri bio press\u00e9 \u00e0 froid) &#8902; MOCO","isPartOf":{"@id":"https:\/\/mocosociety.com\/fr\/#website"},"primaryImageOfPage":{"@id":"https:\/\/mocosociety.com\/fr\/p\/just-celery\/#primaryimage"},"image":{"@id":"https:\/\/mocosociety.com\/fr\/p\/just-celery\/#primaryimage"},"thumbnailUrl":"https:\/\/mocosociety.com\/wp-content\/uploads\/2021\/07\/Just-Celery-min.png","datePublished":"2021-08-16T08:02:32+00:00","dateModified":"2022-01-10T11:47:07+00:00","description":"Am\u00e9liore la sant\u00e9 des intestins et du foie et favorise une peau claire. Combat le brouillard c\u00e9r\u00e9bral. Le c\u00e9leri est alcalinisant et \u00e9quilibre la glyc\u00e9mie.","breadcrumb":{"@id":"https:\/\/mocosociety.com\/fr\/p\/just-celery\/#breadcrumb"},"inLanguage":"fr-FR","potentialAction":[{"@type":"ReadAction","target":["https:\/\/mocosociety.com\/fr\/p\/just-celery\/"]}]},{"@type":"ImageObject","inLanguage":"fr-FR","@id":"https:\/\/mocosociety.com\/fr\/p\/just-celery\/#primaryimage","url":"https:\/\/mocosociety.com\/wp-content\/uploads\/2021\/07\/Just-Celery-min.png","contentUrl":"https:\/\/mocosociety.com\/wp-content\/uploads\/2021\/07\/Just-Celery-min.png","width":1100,"height":1100},{"@type":"BreadcrumbList","@id":"https:\/\/mocosociety.com\/fr\/p\/just-celery\/#breadcrumb","itemListElement":[{"@type":"ListItem","position":1,"name":"Home","item":"https:\/\/mocosociety.com\/fr\/"},{"@type":"ListItem","position":2,"name":"Products","item":"https:\/\/mocosociety.com\/products\/"},{"@type":"ListItem","position":3,"name":"Jus","item":"https:\/\/mocosociety.com\/fr\/cat-produit\/jus\/"},{"@type":"ListItem","position":4,"name":"Just Celery"}]},{"@type":"WebSite","@id":"https:\/\/mocosociety.com\/fr\/#website","url":"https:\/\/mocosociety.com\/fr\/","name":"MOCO","description":"Jus Bio Press\u00e9s \u00e0 froid","publisher":{"@id":"https:\/\/mocosociety.com\/fr\/#organization"},"potentialAction":[{"@type":"SearchAction","target":{"@type":"EntryPoint","urlTemplate":"https:\/\/mocosociety.com\/fr\/?s={search_term_string}"},"query-input":{"@type":"PropertyValueSpecification","valueRequired":true,"valueName":"search_term_string"}}],"inLanguage":"fr-FR"},{"@type":"Organization","@id":"https:\/\/mocosociety.com\/fr\/#organization","name":"MOCO","url":"https:\/\/mocosociety.com\/fr\/","logo":{"@type":"ImageObject","inLanguage":"fr-FR","@id":"https:\/\/mocosociety.com\/fr\/#\/schema\/logo\/image\/","url":"https:\/\/mocosociety.com\/wp-content\/uploads\/2021\/06\/logo-moco.png","contentUrl":"https:\/\/mocosociety.com\/wp-content\/uploads\/2021\/06\/logo-moco.png","width":306,"height":70,"caption":"MOCO"},"image":{"@id":"https:\/\/mocosociety.com\/fr\/#\/schema\/logo\/image\/"}}]}},"_links":{"self":[{"href":"https:\/\/mocosociety.com\/fr\/wp-json\/wp\/v2\/product\/18389","targetHints":{"allow":["GET"]}}],"collection":[{"href":"https:\/\/mocosociety.com\/fr\/wp-json\/wp\/v2\/product"}],"about":[{"href":"https:\/\/mocosociety.com\/fr\/wp-json\/wp\/v2\/types\/product"}],"wp:featuredmedia":[{"embeddable":true,"href":"https:\/\/mocosociety.com\/fr\/wp-json\/wp\/v2\/media\/17126"}],"wp:attachment":[{"href":"https:\/\/mocosociety.com\/fr\/wp-json\/wp\/v2\/media?parent=18389"}],"wp:term":[{"taxonomy":"product_brand","embeddable":true,"href":"https:\/\/mocosociety.com\/fr\/wp-json\/wp\/v2\/product_brand?post=18389"},{"taxonomy":"product_cat","embeddable":true,"href":"https:\/\/mocosociety.com\/fr\/wp-json\/wp\/v2\/product_cat?post=18389"},{"taxonomy":"product_tag","embeddable":true,"href":"https:\/\/mocosociety.com\/fr\/wp-json\/wp\/v2\/product_tag?post=18389"}],"curies":[{"name":"wp","href":"https:\/\/api.w.org\/{rel}","templated":true}]}}