{"id":17898,"date":"2021-07-30T16:15:12","date_gmt":"2021-08-14T06:38:46","guid":{"rendered":"https:\/\/mocosociety.com\/produit\/just-apple\/"},"modified":"2021-11-19T17:02:55","modified_gmt":"2021-11-19T16:02:55","slug":"just-apple","status":"publish","type":"product","link":"https:\/\/mocosociety.com\/fr\/p\/just-apple\/","title":{"rendered":"Just Apple"},"content":{"rendered":"<ul>\n<li>Riche en antioxydants\/polyph\u00e9nols et en pectine<\/li>\n<li>Sant\u00e9 cardiovasculaire<\/li>\n<li>Purifie le sang<\/li>\n<li>Anti-asthme<\/li>\n<li>Augmente la production de collag\u00e8ne<\/li>\n<li>Am\u00e9liore le transit intestinal et diminue le chol\u00e9sterol LDL<\/li>\n<\/ul>\n","protected":false},"excerpt":{"rendered":"<p>Am\u00e9liore la digestion et aide \u00e0 r\u00e9duire le cholest\u00e9rol (LDL).<\/p>\n","protected":false},"featured_media":17128,"template":"","meta":{"_acf_changed":false,"_et_pb_use_builder":"","_et_pb_old_content":"","_et_gb_content_width":""},"product_brand":[],"product_cat":[64],"product_tag":[65],"class_list":{"0":"post-17898","1":"product","2":"type-product","3":"status-publish","4":"has-post-thumbnail","6":"product_cat-jus","7":"product_tag-pomme","9":"first","10":"instock","11":"taxable","12":"shipping-taxable","13":"product-type-variable","14":"has-default-attributes"},"acf":[],"yoast_head":"<!-- This site is optimized with the Yoast SEO plugin v25.5 - https:\/\/yoast.com\/wordpress\/plugins\/seo\/ -->\n<title>Just Apple (pur jus de pommes bio press\u00e9es \u00e0 froid) &#8902; MOCO<\/title>\n<meta name=\"description\" content=\"Riche en antioxydants\/polyph\u00e9nols et en pectine. Am\u00e9liore la digestion et aide \u00e0 r\u00e9duire le cholest\u00e9rol (LDL). Prot\u00e8ge les cellules du cerveau et du c\u0153ur.\" \/>\n<meta name=\"robots\" content=\"index, follow, max-snippet:-1, max-image-preview:large, max-video-preview:-1\" \/>\n<link rel=\"canonical\" href=\"https:\/\/mocosociety.com\/fr\/p\/just-apple\/\" \/>\n<meta property=\"og:locale\" content=\"fr_FR\" \/>\n<meta property=\"og:type\" content=\"article\" \/>\n<meta property=\"og:title\" content=\"Just Apple (pur jus de pommes bio press\u00e9es \u00e0 froid) &#8902; MOCO\" \/>\n<meta property=\"og:description\" content=\"Riche en antioxydants\/polyph\u00e9nols et en pectine. Am\u00e9liore la digestion et aide \u00e0 r\u00e9duire le cholest\u00e9rol (LDL). Prot\u00e8ge les cellules du cerveau et du c\u0153ur.\" \/>\n<meta property=\"og:site_name\" content=\"MOCO\" \/>\n<meta property=\"article:modified_time\" content=\"2021-11-19T16:02:55+00:00\" \/>\n<meta property=\"og:image\" content=\"https:\/\/mocosociety.com\/wp-content\/uploads\/2021\/07\/Just-Apple-min.png\" \/>\n\t<meta property=\"og:image:width\" content=\"1100\" \/>\n\t<meta property=\"og:image:height\" content=\"1100\" \/>\n\t<meta property=\"og:image:type\" content=\"image\/png\" \/>\n<meta name=\"twitter:card\" content=\"summary_large_image\" \/>\n<meta name=\"twitter:label1\" content=\"Dur\u00e9e de lecture estim\u00e9e\" \/>\n\t<meta name=\"twitter:data1\" content=\"1 minute\" \/>\n<script type=\"application\/ld+json\" class=\"yoast-schema-graph\">{\"@context\":\"https:\/\/schema.org\",\"@graph\":[{\"@type\":[\"WebPage\",\"ItemPage\"],\"@id\":\"https:\/\/mocosociety.com\/fr\/p\/just-apple\/\",\"url\":\"https:\/\/mocosociety.com\/fr\/p\/just-apple\/\",\"name\":\"Just Apple (pur jus de pommes bio press\u00e9es \u00e0 froid) &#8902; MOCO\",\"isPartOf\":{\"@id\":\"https:\/\/mocosociety.com\/fr\/#website\"},\"primaryImageOfPage\":{\"@id\":\"https:\/\/mocosociety.com\/fr\/p\/just-apple\/#primaryimage\"},\"image\":{\"@id\":\"https:\/\/mocosociety.com\/fr\/p\/just-apple\/#primaryimage\"},\"thumbnailUrl\":\"https:\/\/mocosociety.com\/wp-content\/uploads\/2021\/07\/Just-Apple-min.png\",\"datePublished\":\"2021-08-14T06:38:46+00:00\",\"dateModified\":\"2021-11-19T16:02:55+00:00\",\"description\":\"Riche en antioxydants\/polyph\u00e9nols et en pectine. Am\u00e9liore la digestion et aide \u00e0 r\u00e9duire le cholest\u00e9rol (LDL). Prot\u00e8ge les cellules du cerveau et du c\u0153ur.\",\"breadcrumb\":{\"@id\":\"https:\/\/mocosociety.com\/fr\/p\/just-apple\/#breadcrumb\"},\"inLanguage\":\"fr-FR\",\"potentialAction\":[{\"@type\":\"ReadAction\",\"target\":[\"https:\/\/mocosociety.com\/fr\/p\/just-apple\/\"]}]},{\"@type\":\"ImageObject\",\"inLanguage\":\"fr-FR\",\"@id\":\"https:\/\/mocosociety.com\/fr\/p\/just-apple\/#primaryimage\",\"url\":\"https:\/\/mocosociety.com\/wp-content\/uploads\/2021\/07\/Just-Apple-min.png\",\"contentUrl\":\"https:\/\/mocosociety.com\/wp-content\/uploads\/2021\/07\/Just-Apple-min.png\",\"width\":1100,\"height\":1100},{\"@type\":\"BreadcrumbList\",\"@id\":\"https:\/\/mocosociety.com\/fr\/p\/just-apple\/#breadcrumb\",\"itemListElement\":[{\"@type\":\"ListItem\",\"position\":1,\"name\":\"Home\",\"item\":\"https:\/\/mocosociety.com\/fr\/\"},{\"@type\":\"ListItem\",\"position\":2,\"name\":\"Products\",\"item\":\"https:\/\/mocosociety.com\/products\/\"},{\"@type\":\"ListItem\",\"position\":3,\"name\":\"Jus\",\"item\":\"https:\/\/mocosociety.com\/fr\/cat-produit\/jus\/\"},{\"@type\":\"ListItem\",\"position\":4,\"name\":\"Just Apple\"}]},{\"@type\":\"WebSite\",\"@id\":\"https:\/\/mocosociety.com\/fr\/#website\",\"url\":\"https:\/\/mocosociety.com\/fr\/\",\"name\":\"MOCO\",\"description\":\"Jus Bio Press\u00e9s \u00e0 froid\",\"publisher\":{\"@id\":\"https:\/\/mocosociety.com\/fr\/#organization\"},\"potentialAction\":[{\"@type\":\"SearchAction\",\"target\":{\"@type\":\"EntryPoint\",\"urlTemplate\":\"https:\/\/mocosociety.com\/fr\/?s={search_term_string}\"},\"query-input\":{\"@type\":\"PropertyValueSpecification\",\"valueRequired\":true,\"valueName\":\"search_term_string\"}}],\"inLanguage\":\"fr-FR\"},{\"@type\":\"Organization\",\"@id\":\"https:\/\/mocosociety.com\/fr\/#organization\",\"name\":\"MOCO\",\"url\":\"https:\/\/mocosociety.com\/fr\/\",\"logo\":{\"@type\":\"ImageObject\",\"inLanguage\":\"fr-FR\",\"@id\":\"https:\/\/mocosociety.com\/fr\/#\/schema\/logo\/image\/\",\"url\":\"https:\/\/mocosociety.com\/wp-content\/uploads\/2021\/06\/logo-moco.png\",\"contentUrl\":\"https:\/\/mocosociety.com\/wp-content\/uploads\/2021\/06\/logo-moco.png\",\"width\":306,\"height\":70,\"caption\":\"MOCO\"},\"image\":{\"@id\":\"https:\/\/mocosociety.com\/fr\/#\/schema\/logo\/image\/\"}}]}<\/script>\n<!-- \/ Yoast SEO plugin. -->","yoast_head_json":{"title":"Just Apple (pur jus de pommes bio press\u00e9es \u00e0 froid) &#8902; MOCO","description":"Riche en antioxydants\/polyph\u00e9nols et en pectine. Am\u00e9liore la digestion et aide \u00e0 r\u00e9duire le cholest\u00e9rol (LDL). Prot\u00e8ge les cellules du cerveau et du c\u0153ur.","robots":{"index":"index","follow":"follow","max-snippet":"max-snippet:-1","max-image-preview":"max-image-preview:large","max-video-preview":"max-video-preview:-1"},"canonical":"https:\/\/mocosociety.com\/fr\/p\/just-apple\/","og_locale":"fr_FR","og_type":"article","og_title":"Just Apple (pur jus de pommes bio press\u00e9es \u00e0 froid) &#8902; MOCO","og_description":"Riche en antioxydants\/polyph\u00e9nols et en pectine. Am\u00e9liore la digestion et aide \u00e0 r\u00e9duire le cholest\u00e9rol (LDL). Prot\u00e8ge les cellules du cerveau et du c\u0153ur.","og_site_name":"MOCO","article_modified_time":"2021-11-19T16:02:55+00:00","og_image":[{"width":1100,"height":1100,"url":"https:\/\/mocosociety.com\/wp-content\/uploads\/2021\/07\/Just-Apple-min.png","type":"image\/png"}],"twitter_card":"summary_large_image","twitter_misc":{"Dur\u00e9e de lecture estim\u00e9e":"1 minute"},"schema":{"@context":"https:\/\/schema.org","@graph":[{"@type":["WebPage","ItemPage"],"@id":"https:\/\/mocosociety.com\/fr\/p\/just-apple\/","url":"https:\/\/mocosociety.com\/fr\/p\/just-apple\/","name":"Just Apple (pur jus de pommes bio press\u00e9es \u00e0 froid) &#8902; MOCO","isPartOf":{"@id":"https:\/\/mocosociety.com\/fr\/#website"},"primaryImageOfPage":{"@id":"https:\/\/mocosociety.com\/fr\/p\/just-apple\/#primaryimage"},"image":{"@id":"https:\/\/mocosociety.com\/fr\/p\/just-apple\/#primaryimage"},"thumbnailUrl":"https:\/\/mocosociety.com\/wp-content\/uploads\/2021\/07\/Just-Apple-min.png","datePublished":"2021-08-14T06:38:46+00:00","dateModified":"2021-11-19T16:02:55+00:00","description":"Riche en antioxydants\/polyph\u00e9nols et en pectine. Am\u00e9liore la digestion et aide \u00e0 r\u00e9duire le cholest\u00e9rol (LDL). Prot\u00e8ge les cellules du cerveau et du c\u0153ur.","breadcrumb":{"@id":"https:\/\/mocosociety.com\/fr\/p\/just-apple\/#breadcrumb"},"inLanguage":"fr-FR","potentialAction":[{"@type":"ReadAction","target":["https:\/\/mocosociety.com\/fr\/p\/just-apple\/"]}]},{"@type":"ImageObject","inLanguage":"fr-FR","@id":"https:\/\/mocosociety.com\/fr\/p\/just-apple\/#primaryimage","url":"https:\/\/mocosociety.com\/wp-content\/uploads\/2021\/07\/Just-Apple-min.png","contentUrl":"https:\/\/mocosociety.com\/wp-content\/uploads\/2021\/07\/Just-Apple-min.png","width":1100,"height":1100},{"@type":"BreadcrumbList","@id":"https:\/\/mocosociety.com\/fr\/p\/just-apple\/#breadcrumb","itemListElement":[{"@type":"ListItem","position":1,"name":"Home","item":"https:\/\/mocosociety.com\/fr\/"},{"@type":"ListItem","position":2,"name":"Products","item":"https:\/\/mocosociety.com\/products\/"},{"@type":"ListItem","position":3,"name":"Jus","item":"https:\/\/mocosociety.com\/fr\/cat-produit\/jus\/"},{"@type":"ListItem","position":4,"name":"Just Apple"}]},{"@type":"WebSite","@id":"https:\/\/mocosociety.com\/fr\/#website","url":"https:\/\/mocosociety.com\/fr\/","name":"MOCO","description":"Jus Bio Press\u00e9s \u00e0 froid","publisher":{"@id":"https:\/\/mocosociety.com\/fr\/#organization"},"potentialAction":[{"@type":"SearchAction","target":{"@type":"EntryPoint","urlTemplate":"https:\/\/mocosociety.com\/fr\/?s={search_term_string}"},"query-input":{"@type":"PropertyValueSpecification","valueRequired":true,"valueName":"search_term_string"}}],"inLanguage":"fr-FR"},{"@type":"Organization","@id":"https:\/\/mocosociety.com\/fr\/#organization","name":"MOCO","url":"https:\/\/mocosociety.com\/fr\/","logo":{"@type":"ImageObject","inLanguage":"fr-FR","@id":"https:\/\/mocosociety.com\/fr\/#\/schema\/logo\/image\/","url":"https:\/\/mocosociety.com\/wp-content\/uploads\/2021\/06\/logo-moco.png","contentUrl":"https:\/\/mocosociety.com\/wp-content\/uploads\/2021\/06\/logo-moco.png","width":306,"height":70,"caption":"MOCO"},"image":{"@id":"https:\/\/mocosociety.com\/fr\/#\/schema\/logo\/image\/"}}]}},"_links":{"self":[{"href":"https:\/\/mocosociety.com\/fr\/wp-json\/wp\/v2\/product\/17898","targetHints":{"allow":["GET"]}}],"collection":[{"href":"https:\/\/mocosociety.com\/fr\/wp-json\/wp\/v2\/product"}],"about":[{"href":"https:\/\/mocosociety.com\/fr\/wp-json\/wp\/v2\/types\/product"}],"wp:featuredmedia":[{"embeddable":true,"href":"https:\/\/mocosociety.com\/fr\/wp-json\/wp\/v2\/media\/17128"}],"wp:attachment":[{"href":"https:\/\/mocosociety.com\/fr\/wp-json\/wp\/v2\/media?parent=17898"}],"wp:term":[{"taxonomy":"product_brand","embeddable":true,"href":"https:\/\/mocosociety.com\/fr\/wp-json\/wp\/v2\/product_brand?post=17898"},{"taxonomy":"product_cat","embeddable":true,"href":"https:\/\/mocosociety.com\/fr\/wp-json\/wp\/v2\/product_cat?post=17898"},{"taxonomy":"product_tag","embeddable":true,"href":"https:\/\/mocosociety.com\/fr\/wp-json\/wp\/v2\/product_tag?post=17898"}],"curies":[{"name":"wp","href":"https:\/\/api.w.org\/{rel}","templated":true}]}}