{"id":17551,"date":"2021-08-10T20:29:18","date_gmt":"2021-08-10T18:29:18","guid":{"rendered":"https:\/\/mocosociety.com\/politique-de-confidentialite\/"},"modified":"2021-11-02T19:03:43","modified_gmt":"2021-11-02T18:03:43","slug":"politique-de-confidentialite","status":"publish","type":"page","link":"https:\/\/mocosociety.com\/fr\/politique-de-confidentialite\/","title":{"rendered":"Confidentialit\u00e9"},"content":{"rendered":"<p>[et_pb_section fb_built=&#8221;1&#8243; _builder_version=&#8221;4.9.7&#8243; _module_preset=&#8221;default&#8221; global_colors_info=&#8221;{}&#8221;][et_pb_row _builder_version=&#8221;4.9.7&#8243; _module_preset=&#8221;default&#8221; global_colors_info=&#8221;{}&#8221;][et_pb_column type=&#8221;4_4&#8243; _builder_version=&#8221;4.9.7&#8243; _module_preset=&#8221;default&#8221; global_colors_info=&#8221;{}&#8221;][et_pb_text _builder_version=&#8221;4.12.0&#8243; _module_preset=&#8221;default&#8221; text_font_size=&#8221;18px&#8221; header_font=&#8221;|600|||||||&#8221; header_text_align=&#8221;center&#8221; header_font_size=&#8221;3rem&#8221; custom_margin=&#8221;||51px|||&#8221; custom_padding=&#8221;||||false|false&#8221; animation_style=&#8221;fade&#8221; hover_enabled=&#8221;0&#8243; locked=&#8221;off&#8221; global_colors_info=&#8221;{}&#8221; header_font_size_last_edited=&#8221;on|tablet&#8221; sticky_enabled=&#8221;0&#8243; header_font_size_tablet=&#8221;2rem&#8221; header_line_height_last_edited=&#8221;on|tablet&#8221; header_line_height=&#8221;3.5rem&#8221; header_line_height_tablet=&#8221;2.2rem&#8221; header_font_size_phone=&#8221;2rem&#8221; header_line_height_phone=&#8221;2.2rem&#8221;]<\/p>\n<h1>Confidentialit\u00e9<\/h1>\n<p>[\/et_pb_text][et_pb_text _builder_version=&#8221;4.12.0&#8243; _module_preset=&#8221;default&#8221; text_font=&#8221;||||||||&#8221; text_font_size=&#8221;1rem&#8221; text_line_height=&#8221;1.5rem&#8221; width=&#8221;55%&#8221; module_alignment=&#8221;center&#8221; custom_margin=&#8221;||||false|false&#8221; custom_padding=&#8221;||||false|false&#8221; animation_style=&#8221;fade&#8221; hover_enabled=&#8221;0&#8243; locked=&#8221;off&#8221; global_colors_info=&#8221;{}&#8221; width_last_edited=&#8221;on|phone&#8221; sticky_enabled=&#8221;0&#8243; width_tablet=&#8221;100%&#8221; width_phone=&#8221;100%&#8221;]<\/p>\n<p>Conform\u00e9ment \u00e0 la loi n\u00b0 1.165 du 23 d\u00e9cembre 1993, telle que modifi\u00e9e, r\u00e9glementant le traitement des informations personnelles), toutes les informations contenues dans les fichiers informatis\u00e9s, que la soci\u00e9t\u00e9 MOCO enregistre et stocke notamment \u00e0 des fins promotionnelles, ne seront pas c\u00e9d\u00e9es ou accessibles, \u00e0 l&#8217;exception du personnel autoris\u00e9 de ladite soci\u00e9t\u00e9. Conform\u00e9ment \u00e0 la loi n\u00b0 1.165 du 23 d\u00e9cembre 1993, modifi\u00e9e, toute personne pourra s&#8217;adresser \u00e0 la Direction de la soci\u00e9t\u00e9 MOCO, dont les coordonn\u00e9es sont pr\u00e9sent\u00e9es ci-dessus pour exercer son droit d&#8217;acc\u00e8s, de modification, de rectification des informations contenues dans lesdits fichiers. Elle pourra \u00e9galement demander que les donn\u00e9es inexactes, incompl\u00e8tes, ambigu\u00ebs ou p\u00e9rim\u00e9es soient rectifi\u00e9es ou supprim\u00e9es.<\/p>\n<p>[\/et_pb_text][\/et_pb_column][\/et_pb_row][\/et_pb_section][et_pb_section fb_built=&#8221;1&#8243; _builder_version=&#8221;4.9.7&#8243; _module_preset=&#8221;default&#8221; background_color=&#8221;#f5f5f5&#8243; custom_padding=&#8221;0px||0px|||&#8221; locked=&#8221;off&#8221; global_colors_info=&#8221;{}&#8221;][et_pb_row _builder_version=&#8221;4.9.7&#8243; _module_preset=&#8221;default&#8221; global_colors_info=&#8221;{}&#8221;][et_pb_column type=&#8221;4_4&#8243; _builder_version=&#8221;4.9.7&#8243; _module_preset=&#8221;default&#8221; global_colors_info=&#8221;{}&#8221;][\/et_pb_column][\/et_pb_row][\/et_pb_section]<\/p>\n","protected":false},"excerpt":{"rendered":"<p>Confidentialit\u00e9Conform\u00e9ment \u00e0 la loi n\u00b0 1.165 du 23 d\u00e9cembre 1993, telle que modifi\u00e9e, r\u00e9glementant le traitement des informations personnelles), toutes les informations contenues dans les fichiers informatis\u00e9s, que la soci\u00e9t\u00e9 MOCO enregistre et stocke notamment \u00e0 des fins promotionnelles, ne seront pas c\u00e9d\u00e9es ou accessibles, \u00e0 l&#8217;exception du personnel autoris\u00e9 de ladite soci\u00e9t\u00e9. Conform\u00e9ment \u00e0 [&hellip;]<\/p>\n","protected":false},"author":1,"featured_media":0,"parent":0,"menu_order":0,"comment_status":"closed","ping_status":"closed","template":"","meta":{"_acf_changed":false,"_et_pb_use_builder":"on","_et_pb_old_content":"","_et_gb_content_width":"","footnotes":""},"class_list":["post-17551","page","type-page","status-publish","hentry"],"acf":[],"yoast_head":"<!-- This site is optimized with the Yoast SEO plugin v25.5 - https:\/\/yoast.com\/wordpress\/plugins\/seo\/ -->\n<title>Confidentialit\u00e9 &#8902; MOCO<\/title>\n<meta name=\"robots\" content=\"index, follow, max-snippet:-1, max-image-preview:large, max-video-preview:-1\" \/>\n<link rel=\"canonical\" href=\"https:\/\/mocosociety.com\/fr\/politique-de-confidentialite\/\" \/>\n<meta property=\"og:locale\" content=\"fr_FR\" \/>\n<meta property=\"og:type\" content=\"article\" \/>\n<meta property=\"og:title\" content=\"Confidentialit\u00e9 &#8902; MOCO\" \/>\n<meta property=\"og:description\" content=\"Confidentialit\u00e9Conform\u00e9ment \u00e0 la loi n\u00b0 1.165 du 23 d\u00e9cembre 1993, telle que modifi\u00e9e, r\u00e9glementant le traitement des informations personnelles), toutes les informations contenues dans les fichiers informatis\u00e9s, que la soci\u00e9t\u00e9 MOCO enregistre et stocke notamment \u00e0 des fins promotionnelles, ne seront pas c\u00e9d\u00e9es ou accessibles, \u00e0 l&#039;exception du personnel autoris\u00e9 de ladite soci\u00e9t\u00e9. Conform\u00e9ment \u00e0 [&hellip;]\" \/>\n<meta property=\"og:site_name\" content=\"MOCO\" \/>\n<meta property=\"article:modified_time\" content=\"2021-11-02T18:03:43+00:00\" \/>\n<meta name=\"twitter:card\" content=\"summary_large_image\" \/>\n<meta name=\"twitter:label1\" content=\"Dur\u00e9e de lecture estim\u00e9e\" \/>\n\t<meta name=\"twitter:data1\" content=\"2 minutes\" \/>\n<script type=\"application\/ld+json\" class=\"yoast-schema-graph\">{\"@context\":\"https:\/\/schema.org\",\"@graph\":[{\"@type\":\"WebPage\",\"@id\":\"https:\/\/mocosociety.com\/fr\/politique-de-confidentialite\/\",\"url\":\"https:\/\/mocosociety.com\/fr\/politique-de-confidentialite\/\",\"name\":\"Confidentialit\u00e9 &#8902; MOCO\",\"isPartOf\":{\"@id\":\"https:\/\/mocosociety.com\/fr\/#website\"},\"datePublished\":\"2021-08-10T18:29:18+00:00\",\"dateModified\":\"2021-11-02T18:03:43+00:00\",\"breadcrumb\":{\"@id\":\"https:\/\/mocosociety.com\/fr\/politique-de-confidentialite\/#breadcrumb\"},\"inLanguage\":\"fr-FR\",\"potentialAction\":[{\"@type\":\"ReadAction\",\"target\":[\"https:\/\/mocosociety.com\/fr\/politique-de-confidentialite\/\"]}]},{\"@type\":\"BreadcrumbList\",\"@id\":\"https:\/\/mocosociety.com\/fr\/politique-de-confidentialite\/#breadcrumb\",\"itemListElement\":[{\"@type\":\"ListItem\",\"position\":1,\"name\":\"Home\",\"item\":\"https:\/\/mocosociety.com\/fr\/\"},{\"@type\":\"ListItem\",\"position\":2,\"name\":\"Confidentialit\u00e9\"}]},{\"@type\":\"WebSite\",\"@id\":\"https:\/\/mocosociety.com\/fr\/#website\",\"url\":\"https:\/\/mocosociety.com\/fr\/\",\"name\":\"MOCO\",\"description\":\"Jus Bio Press\u00e9s \u00e0 froid\",\"publisher\":{\"@id\":\"https:\/\/mocosociety.com\/fr\/#organization\"},\"potentialAction\":[{\"@type\":\"SearchAction\",\"target\":{\"@type\":\"EntryPoint\",\"urlTemplate\":\"https:\/\/mocosociety.com\/fr\/?s={search_term_string}\"},\"query-input\":{\"@type\":\"PropertyValueSpecification\",\"valueRequired\":true,\"valueName\":\"search_term_string\"}}],\"inLanguage\":\"fr-FR\"},{\"@type\":\"Organization\",\"@id\":\"https:\/\/mocosociety.com\/fr\/#organization\",\"name\":\"MOCO\",\"url\":\"https:\/\/mocosociety.com\/fr\/\",\"logo\":{\"@type\":\"ImageObject\",\"inLanguage\":\"fr-FR\",\"@id\":\"https:\/\/mocosociety.com\/fr\/#\/schema\/logo\/image\/\",\"url\":\"https:\/\/mocosociety.com\/wp-content\/uploads\/2021\/06\/logo-moco.png\",\"contentUrl\":\"https:\/\/mocosociety.com\/wp-content\/uploads\/2021\/06\/logo-moco.png\",\"width\":306,\"height\":70,\"caption\":\"MOCO\"},\"image\":{\"@id\":\"https:\/\/mocosociety.com\/fr\/#\/schema\/logo\/image\/\"}}]}<\/script>\n<!-- \/ Yoast SEO plugin. -->","yoast_head_json":{"title":"Confidentialit\u00e9 &#8902; MOCO","robots":{"index":"index","follow":"follow","max-snippet":"max-snippet:-1","max-image-preview":"max-image-preview:large","max-video-preview":"max-video-preview:-1"},"canonical":"https:\/\/mocosociety.com\/fr\/politique-de-confidentialite\/","og_locale":"fr_FR","og_type":"article","og_title":"Confidentialit\u00e9 &#8902; MOCO","og_description":"Confidentialit\u00e9Conform\u00e9ment \u00e0 la loi n\u00b0 1.165 du 23 d\u00e9cembre 1993, telle que modifi\u00e9e, r\u00e9glementant le traitement des informations personnelles), toutes les informations contenues dans les fichiers informatis\u00e9s, que la soci\u00e9t\u00e9 MOCO enregistre et stocke notamment \u00e0 des fins promotionnelles, ne seront pas c\u00e9d\u00e9es ou accessibles, \u00e0 l'exception du personnel autoris\u00e9 de ladite soci\u00e9t\u00e9. Conform\u00e9ment \u00e0 [&hellip;]","og_site_name":"MOCO","article_modified_time":"2021-11-02T18:03:43+00:00","twitter_card":"summary_large_image","twitter_misc":{"Dur\u00e9e de lecture estim\u00e9e":"2 minutes"},"schema":{"@context":"https:\/\/schema.org","@graph":[{"@type":"WebPage","@id":"https:\/\/mocosociety.com\/fr\/politique-de-confidentialite\/","url":"https:\/\/mocosociety.com\/fr\/politique-de-confidentialite\/","name":"Confidentialit\u00e9 &#8902; MOCO","isPartOf":{"@id":"https:\/\/mocosociety.com\/fr\/#website"},"datePublished":"2021-08-10T18:29:18+00:00","dateModified":"2021-11-02T18:03:43+00:00","breadcrumb":{"@id":"https:\/\/mocosociety.com\/fr\/politique-de-confidentialite\/#breadcrumb"},"inLanguage":"fr-FR","potentialAction":[{"@type":"ReadAction","target":["https:\/\/mocosociety.com\/fr\/politique-de-confidentialite\/"]}]},{"@type":"BreadcrumbList","@id":"https:\/\/mocosociety.com\/fr\/politique-de-confidentialite\/#breadcrumb","itemListElement":[{"@type":"ListItem","position":1,"name":"Home","item":"https:\/\/mocosociety.com\/fr\/"},{"@type":"ListItem","position":2,"name":"Confidentialit\u00e9"}]},{"@type":"WebSite","@id":"https:\/\/mocosociety.com\/fr\/#website","url":"https:\/\/mocosociety.com\/fr\/","name":"MOCO","description":"Jus Bio Press\u00e9s \u00e0 froid","publisher":{"@id":"https:\/\/mocosociety.com\/fr\/#organization"},"potentialAction":[{"@type":"SearchAction","target":{"@type":"EntryPoint","urlTemplate":"https:\/\/mocosociety.com\/fr\/?s={search_term_string}"},"query-input":{"@type":"PropertyValueSpecification","valueRequired":true,"valueName":"search_term_string"}}],"inLanguage":"fr-FR"},{"@type":"Organization","@id":"https:\/\/mocosociety.com\/fr\/#organization","name":"MOCO","url":"https:\/\/mocosociety.com\/fr\/","logo":{"@type":"ImageObject","inLanguage":"fr-FR","@id":"https:\/\/mocosociety.com\/fr\/#\/schema\/logo\/image\/","url":"https:\/\/mocosociety.com\/wp-content\/uploads\/2021\/06\/logo-moco.png","contentUrl":"https:\/\/mocosociety.com\/wp-content\/uploads\/2021\/06\/logo-moco.png","width":306,"height":70,"caption":"MOCO"},"image":{"@id":"https:\/\/mocosociety.com\/fr\/#\/schema\/logo\/image\/"}}]}},"_links":{"self":[{"href":"https:\/\/mocosociety.com\/fr\/wp-json\/wp\/v2\/pages\/17551","targetHints":{"allow":["GET"]}}],"collection":[{"href":"https:\/\/mocosociety.com\/fr\/wp-json\/wp\/v2\/pages"}],"about":[{"href":"https:\/\/mocosociety.com\/fr\/wp-json\/wp\/v2\/types\/page"}],"author":[{"embeddable":true,"href":"https:\/\/mocosociety.com\/fr\/wp-json\/wp\/v2\/users\/1"}],"replies":[{"embeddable":true,"href":"https:\/\/mocosociety.com\/fr\/wp-json\/wp\/v2\/comments?post=17551"}],"version-history":[{"count":8,"href":"https:\/\/mocosociety.com\/fr\/wp-json\/wp\/v2\/pages\/17551\/revisions"}],"predecessor-version":[{"id":21888,"href":"https:\/\/mocosociety.com\/fr\/wp-json\/wp\/v2\/pages\/17551\/revisions\/21888"}],"wp:attachment":[{"href":"https:\/\/mocosociety.com\/fr\/wp-json\/wp\/v2\/media?parent=17551"}],"curies":[{"name":"wp","href":"https:\/\/api.w.org\/{rel}","templated":true}]}}