{"id":17542,"date":"2021-08-10T18:47:00","date_gmt":"2021-08-10T16:47:00","guid":{"rendered":"https:\/\/mocosociety.com\/mentions-legales\/"},"modified":"2021-11-02T18:50:59","modified_gmt":"2021-11-02T17:50:59","slug":"mentions-legales","status":"publish","type":"page","link":"https:\/\/mocosociety.com\/fr\/mentions-legales\/","title":{"rendered":"Mentions l\u00e9gales"},"content":{"rendered":"<p>[et_pb_section fb_built=&#8221;1&#8243; _builder_version=&#8221;4.9.7&#8243; _module_preset=&#8221;default&#8221; global_colors_info=&#8221;{}&#8221;][et_pb_row _builder_version=&#8221;4.12.0&#8243; _module_preset=&#8221;default&#8221; hover_enabled=&#8221;0&#8243; global_colors_info=&#8221;{}&#8221; width_last_edited=&#8221;on|phone&#8221; sticky_enabled=&#8221;0&#8243; width_tablet=&#8221;auto&#8221; width_phone=&#8221;auto&#8221;][et_pb_column type=&#8221;4_4&#8243; _builder_version=&#8221;4.9.7&#8243; _module_preset=&#8221;default&#8221; global_colors_info=&#8221;{}&#8221;][et_pb_text _builder_version=&#8221;4.12.0&#8243; _module_preset=&#8221;default&#8221; text_font_size=&#8221;20px&#8221; header_font=&#8221;|600|||||||&#8221; header_text_align=&#8221;center&#8221; header_font_size=&#8221;3rem&#8221; custom_margin=&#8221;0px|||||&#8221; custom_padding=&#8221;||||false|false&#8221; animation_style=&#8221;fade&#8221; hover_enabled=&#8221;0&#8243; locked=&#8221;off&#8221; global_colors_info=&#8221;{}&#8221; header_line_height=&#8221;3.5rem&#8221; header_font_size_last_edited=&#8221;on|desktop&#8221; sticky_enabled=&#8221;0&#8243; header_font_size_tablet=&#8221;2rem&#8221; header_line_height_last_edited=&#8221;on|phone&#8221; header_line_height_tablet=&#8221;2.2rem&#8221; header_font_size_phone=&#8221;2rem&#8221; header_line_height_phone=&#8221;2.2rem&#8221;]<\/p>\n<h1>Mentions l\u00e9gales<\/h1>\n<p>[\/et_pb_text][et_pb_text _builder_version=&#8221;4.12.0&#8243; _module_preset=&#8221;default&#8221; text_font=&#8221;||||||||&#8221; text_font_size=&#8221;1rem&#8221; text_line_height=&#8221;1.5em&#8221; width=&#8221;55%&#8221; module_alignment=&#8221;center&#8221; custom_margin=&#8221;||||false|false&#8221; custom_padding=&#8221;||||false|false&#8221; animation_style=&#8221;fade&#8221; hover_enabled=&#8221;0&#8243; locked=&#8221;off&#8221; global_colors_info=&#8221;{}&#8221; text_font_size_last_edited=&#8221;on|phone&#8221; sticky_enabled=&#8221;0&#8243; width_last_edited=&#8221;on|phone&#8221; width_tablet=&#8221;100%&#8221; text_font_size_tablet=&#8221;1rem&#8221; text_font_size_phone=&#8221;1rem&#8221; width_phone=&#8221;100%&#8221;]<\/p>\n<p><strong>EDITEUR DU SITE<\/strong><br \/>MOCO SARL<br \/>25 Boulevard Albert 1er<br \/>Monaco, 98000<br \/>Par email: info@mocosociety.com<\/p>\n<p><strong>\u200dHEBERGEMENT<\/strong><br \/>SARL BSVD-BANSO<br \/>1 RUE DE LA L\u00dcJERNETTA<br \/>98000 MONACO<br \/>HELLO@BANSO.MC<\/p>\n<p><strong>\u200dCOPYRIGHT<\/strong><br \/>Tous les \u00e9l\u00e9ments du site mocosociety.com sont la propri\u00e9t\u00e9 de MOCO SARL et donc prot\u00e9g\u00e9s par les dispositions du Code de la propri\u00e9t\u00e9 intellectuelle, notamment au titre du droit d&#8217;auteur. En cons\u00e9quence, toute reproduction, modification, utilisation, adaptation, incorporation, traduction, commercialisation, partielle ou int\u00e9grale des \u00e9l\u00e9ments contenus dans ce site, sans l&#8217;autorisation \u00e9crite pr\u00e9alable de la soci\u00e9t\u00e9 MOCO, est interdite \u00e0 l&#8217;exception d&#8217;une stricte utilisation pour un usage personnel, priv\u00e9 et non commercial, sans modification des \u00e9l\u00e9ments pr\u00e9sents sur le site et sans suppression des mentions relatives au droit d&#8217;auteur ou autres mentions concernant les droits de propri\u00e9t\u00e9 intellectuelle. <\/p>\n<p><strong>LIMITATION DE RESPONSABILITE<\/strong><br \/>MOCO met tout en \u0153uvre pour offrir aux utilisateurs des informations et\/ou des outils disponibles et v\u00e9rifi\u00e9s, mais ne saurait \u00eatre tenu pour responsable des erreurs, d&#8217;une absence de disponibilit\u00e9 des informations et\/ou de la pr\u00e9sence de virus sur son site.L&#8217;utilisateur est seul responsable de l&#8217;utilisation de ces informations. MOCO se r\u00e9serve le droit de les modifier \u00e0 tout moment, sans pr\u00e9avis. Les sites ext\u00e9rieurs ayant un lien hypertexte vers le site mocosociety.com ne sont pas sous contr\u00f4le du MOCO qui d\u00e9cline par cons\u00e9quent toute responsabilit\u00e9 quant \u00e0 leur contenu.  <\/p>\n<p>[\/et_pb_text][\/et_pb_column][\/et_pb_row][\/et_pb_section][et_pb_section fb_built=&#8221;1&#8243; _builder_version=&#8221;4.9.7&#8243; _module_preset=&#8221;default&#8221; background_color=&#8221;#f5f5f5&#8243; custom_padding=&#8221;0px||0px|||&#8221; locked=&#8221;off&#8221; global_colors_info=&#8221;{}&#8221;][et_pb_row _builder_version=&#8221;4.9.7&#8243; _module_preset=&#8221;default&#8221; global_colors_info=&#8221;{}&#8221;][et_pb_column type=&#8221;4_4&#8243; _builder_version=&#8221;4.9.7&#8243; _module_preset=&#8221;default&#8221; global_colors_info=&#8221;{}&#8221;][\/et_pb_column][\/et_pb_row][\/et_pb_section]<\/p>\n","protected":false},"excerpt":{"rendered":"<p>Mentions l\u00e9galesEDITEUR DU SITEMOCO SARL25 Boulevard Albert 1erMonaco, 98000Par email: info@mocosociety.com \u200dHEBERGEMENTSARL BSVD-BANSO1 RUE DE LA L\u00dcJERNETTA98000 MONACOHELLO@BANSO.MC \u200dCOPYRIGHTTous les \u00e9l\u00e9ments du site mocosociety.com sont la propri\u00e9t\u00e9 de MOCO SARL et donc prot\u00e9g\u00e9s par les dispositions du Code de la propri\u00e9t\u00e9 intellectuelle, notamment au titre du droit d&#8217;auteur. En cons\u00e9quence, toute reproduction, modification, utilisation, adaptation, [&hellip;]<\/p>\n","protected":false},"author":1,"featured_media":0,"parent":0,"menu_order":0,"comment_status":"closed","ping_status":"closed","template":"","meta":{"_acf_changed":false,"_et_pb_use_builder":"on","_et_pb_old_content":"","_et_gb_content_width":"","footnotes":""},"class_list":["post-17542","page","type-page","status-publish","hentry"],"acf":[],"yoast_head":"<!-- This site is optimized with the Yoast SEO plugin v25.5 - https:\/\/yoast.com\/wordpress\/plugins\/seo\/ -->\n<title>Mentions l\u00e9gales &#8902; MOCO<\/title>\n<meta name=\"robots\" content=\"index, follow, max-snippet:-1, max-image-preview:large, max-video-preview:-1\" \/>\n<link rel=\"canonical\" href=\"https:\/\/mocosociety.com\/fr\/mentions-legales\/\" \/>\n<meta property=\"og:locale\" content=\"fr_FR\" \/>\n<meta property=\"og:type\" content=\"article\" \/>\n<meta property=\"og:title\" content=\"Mentions l\u00e9gales &#8902; MOCO\" \/>\n<meta property=\"og:description\" content=\"Mentions l\u00e9galesEDITEUR DU SITEMOCO SARL25 Boulevard Albert 1erMonaco, 98000Par email: info@mocosociety.com \u200dHEBERGEMENTSARL BSVD-BANSO1 RUE DE LA L\u00dcJERNETTA98000 MONACOHELLO@BANSO.MC \u200dCOPYRIGHTTous les \u00e9l\u00e9ments du site mocosociety.com sont la propri\u00e9t\u00e9 de MOCO SARL et donc prot\u00e9g\u00e9s par les dispositions du Code de la propri\u00e9t\u00e9 intellectuelle, notamment au titre du droit d&#039;auteur. En cons\u00e9quence, toute reproduction, modification, utilisation, adaptation, [&hellip;]\" \/>\n<meta property=\"og:site_name\" content=\"MOCO\" \/>\n<meta property=\"article:modified_time\" content=\"2021-11-02T17:50:59+00:00\" \/>\n<meta name=\"twitter:card\" content=\"summary_large_image\" \/>\n<meta name=\"twitter:label1\" content=\"Dur\u00e9e de lecture estim\u00e9e\" \/>\n\t<meta name=\"twitter:data1\" content=\"3 minutes\" \/>\n<script type=\"application\/ld+json\" class=\"yoast-schema-graph\">{\"@context\":\"https:\/\/schema.org\",\"@graph\":[{\"@type\":\"WebPage\",\"@id\":\"https:\/\/mocosociety.com\/fr\/mentions-legales\/\",\"url\":\"https:\/\/mocosociety.com\/fr\/mentions-legales\/\",\"name\":\"Mentions l\u00e9gales &#8902; MOCO\",\"isPartOf\":{\"@id\":\"https:\/\/mocosociety.com\/fr\/#website\"},\"datePublished\":\"2021-08-10T16:47:00+00:00\",\"dateModified\":\"2021-11-02T17:50:59+00:00\",\"breadcrumb\":{\"@id\":\"https:\/\/mocosociety.com\/fr\/mentions-legales\/#breadcrumb\"},\"inLanguage\":\"fr-FR\",\"potentialAction\":[{\"@type\":\"ReadAction\",\"target\":[\"https:\/\/mocosociety.com\/fr\/mentions-legales\/\"]}]},{\"@type\":\"BreadcrumbList\",\"@id\":\"https:\/\/mocosociety.com\/fr\/mentions-legales\/#breadcrumb\",\"itemListElement\":[{\"@type\":\"ListItem\",\"position\":1,\"name\":\"Home\",\"item\":\"https:\/\/mocosociety.com\/fr\/\"},{\"@type\":\"ListItem\",\"position\":2,\"name\":\"Mentions l\u00e9gales\"}]},{\"@type\":\"WebSite\",\"@id\":\"https:\/\/mocosociety.com\/fr\/#website\",\"url\":\"https:\/\/mocosociety.com\/fr\/\",\"name\":\"MOCO\",\"description\":\"Jus Bio Press\u00e9s \u00e0 froid\",\"publisher\":{\"@id\":\"https:\/\/mocosociety.com\/fr\/#organization\"},\"potentialAction\":[{\"@type\":\"SearchAction\",\"target\":{\"@type\":\"EntryPoint\",\"urlTemplate\":\"https:\/\/mocosociety.com\/fr\/?s={search_term_string}\"},\"query-input\":{\"@type\":\"PropertyValueSpecification\",\"valueRequired\":true,\"valueName\":\"search_term_string\"}}],\"inLanguage\":\"fr-FR\"},{\"@type\":\"Organization\",\"@id\":\"https:\/\/mocosociety.com\/fr\/#organization\",\"name\":\"MOCO\",\"url\":\"https:\/\/mocosociety.com\/fr\/\",\"logo\":{\"@type\":\"ImageObject\",\"inLanguage\":\"fr-FR\",\"@id\":\"https:\/\/mocosociety.com\/fr\/#\/schema\/logo\/image\/\",\"url\":\"https:\/\/mocosociety.com\/wp-content\/uploads\/2021\/06\/logo-moco.png\",\"contentUrl\":\"https:\/\/mocosociety.com\/wp-content\/uploads\/2021\/06\/logo-moco.png\",\"width\":306,\"height\":70,\"caption\":\"MOCO\"},\"image\":{\"@id\":\"https:\/\/mocosociety.com\/fr\/#\/schema\/logo\/image\/\"}}]}<\/script>\n<!-- \/ Yoast SEO plugin. -->","yoast_head_json":{"title":"Mentions l\u00e9gales &#8902; MOCO","robots":{"index":"index","follow":"follow","max-snippet":"max-snippet:-1","max-image-preview":"max-image-preview:large","max-video-preview":"max-video-preview:-1"},"canonical":"https:\/\/mocosociety.com\/fr\/mentions-legales\/","og_locale":"fr_FR","og_type":"article","og_title":"Mentions l\u00e9gales &#8902; MOCO","og_description":"Mentions l\u00e9galesEDITEUR DU SITEMOCO SARL25 Boulevard Albert 1erMonaco, 98000Par email: info@mocosociety.com \u200dHEBERGEMENTSARL BSVD-BANSO1 RUE DE LA L\u00dcJERNETTA98000 MONACOHELLO@BANSO.MC \u200dCOPYRIGHTTous les \u00e9l\u00e9ments du site mocosociety.com sont la propri\u00e9t\u00e9 de MOCO SARL et donc prot\u00e9g\u00e9s par les dispositions du Code de la propri\u00e9t\u00e9 intellectuelle, notamment au titre du droit d'auteur. En cons\u00e9quence, toute reproduction, modification, utilisation, adaptation, [&hellip;]","og_site_name":"MOCO","article_modified_time":"2021-11-02T17:50:59+00:00","twitter_card":"summary_large_image","twitter_misc":{"Dur\u00e9e de lecture estim\u00e9e":"3 minutes"},"schema":{"@context":"https:\/\/schema.org","@graph":[{"@type":"WebPage","@id":"https:\/\/mocosociety.com\/fr\/mentions-legales\/","url":"https:\/\/mocosociety.com\/fr\/mentions-legales\/","name":"Mentions l\u00e9gales &#8902; MOCO","isPartOf":{"@id":"https:\/\/mocosociety.com\/fr\/#website"},"datePublished":"2021-08-10T16:47:00+00:00","dateModified":"2021-11-02T17:50:59+00:00","breadcrumb":{"@id":"https:\/\/mocosociety.com\/fr\/mentions-legales\/#breadcrumb"},"inLanguage":"fr-FR","potentialAction":[{"@type":"ReadAction","target":["https:\/\/mocosociety.com\/fr\/mentions-legales\/"]}]},{"@type":"BreadcrumbList","@id":"https:\/\/mocosociety.com\/fr\/mentions-legales\/#breadcrumb","itemListElement":[{"@type":"ListItem","position":1,"name":"Home","item":"https:\/\/mocosociety.com\/fr\/"},{"@type":"ListItem","position":2,"name":"Mentions l\u00e9gales"}]},{"@type":"WebSite","@id":"https:\/\/mocosociety.com\/fr\/#website","url":"https:\/\/mocosociety.com\/fr\/","name":"MOCO","description":"Jus Bio Press\u00e9s \u00e0 froid","publisher":{"@id":"https:\/\/mocosociety.com\/fr\/#organization"},"potentialAction":[{"@type":"SearchAction","target":{"@type":"EntryPoint","urlTemplate":"https:\/\/mocosociety.com\/fr\/?s={search_term_string}"},"query-input":{"@type":"PropertyValueSpecification","valueRequired":true,"valueName":"search_term_string"}}],"inLanguage":"fr-FR"},{"@type":"Organization","@id":"https:\/\/mocosociety.com\/fr\/#organization","name":"MOCO","url":"https:\/\/mocosociety.com\/fr\/","logo":{"@type":"ImageObject","inLanguage":"fr-FR","@id":"https:\/\/mocosociety.com\/fr\/#\/schema\/logo\/image\/","url":"https:\/\/mocosociety.com\/wp-content\/uploads\/2021\/06\/logo-moco.png","contentUrl":"https:\/\/mocosociety.com\/wp-content\/uploads\/2021\/06\/logo-moco.png","width":306,"height":70,"caption":"MOCO"},"image":{"@id":"https:\/\/mocosociety.com\/fr\/#\/schema\/logo\/image\/"}}]}},"_links":{"self":[{"href":"https:\/\/mocosociety.com\/fr\/wp-json\/wp\/v2\/pages\/17542","targetHints":{"allow":["GET"]}}],"collection":[{"href":"https:\/\/mocosociety.com\/fr\/wp-json\/wp\/v2\/pages"}],"about":[{"href":"https:\/\/mocosociety.com\/fr\/wp-json\/wp\/v2\/types\/page"}],"author":[{"embeddable":true,"href":"https:\/\/mocosociety.com\/fr\/wp-json\/wp\/v2\/users\/1"}],"replies":[{"embeddable":true,"href":"https:\/\/mocosociety.com\/fr\/wp-json\/wp\/v2\/comments?post=17542"}],"version-history":[{"count":7,"href":"https:\/\/mocosociety.com\/fr\/wp-json\/wp\/v2\/pages\/17542\/revisions"}],"predecessor-version":[{"id":21881,"href":"https:\/\/mocosociety.com\/fr\/wp-json\/wp\/v2\/pages\/17542\/revisions\/21881"}],"wp:attachment":[{"href":"https:\/\/mocosociety.com\/fr\/wp-json\/wp\/v2\/media?parent=17542"}],"curies":[{"name":"wp","href":"https:\/\/api.w.org\/{rel}","templated":true}]}}